{"id":3004,"date":"2024-10-21T16:32:20","date_gmt":"2024-10-21T16:32:20","guid":{"rendered":"https:\/\/geo-satis.com\/politique-de-confidentialite\/"},"modified":"2024-12-12T22:51:10","modified_gmt":"2024-12-12T22:51:10","slug":"politique-de-confidentialite","status":"publish","type":"page","link":"https:\/\/geo-satis.com\/fr\/politique-de-confidentialite\/","title":{"rendered":"Politique de confidentialit\u00e9"},"content":{"rendered":"\t\t<div data-elementor-type=\"wp-page\" data-elementor-id=\"3004\" class=\"elementor elementor-3004 elementor-3\" data-elementor-post-type=\"page\">\n\t\t\t\t<div class=\"elementor-element elementor-element-f5724d7 e-flex e-con-boxed e-con e-parent\" data-id=\"f5724d7\" data-element_type=\"container\" data-e-type=\"container\">\n\t\t\t\t\t<div class=\"e-con-inner\">\n\t\t\t\t<div class=\"elementor-element elementor-element-bd3d218 elementor-widget elementor-widget-heading\" data-id=\"bd3d218\" data-element_type=\"widget\" data-e-type=\"widget\" data-widget_type=\"heading.default\">\n\t\t\t\t<div class=\"elementor-widget-container\">\n\t\t\t\t\t<h1 class=\"elementor-heading-title elementor-size-default\">Politique de confidentialit\u00e9<\/h1>\t\t\t\t<\/div>\n\t\t\t\t<\/div>\n\t\t\t\t<div class=\"elementor-element elementor-element-04727c9 an-sec-btn an-back-btn elementor-align-center elementor-widget elementor-widget-button\" data-id=\"04727c9\" data-element_type=\"widget\" data-e-type=\"widget\" data-widget_type=\"button.default\">\n\t\t\t\t<div class=\"elementor-widget-container\">\n\t\t\t\t\t\t\t\t\t<div class=\"elementor-button-wrapper\">\n\t\t\t\t\t<a class=\"elementor-button elementor-button-link elementor-size-sm\" href=\"#\">\n\t\t\t\t\t\t<span class=\"elementor-button-content-wrapper\">\n\t\t\t\t\t\t<span class=\"elementor-button-icon\">\n\t\t\t\t<svg xmlns=\"http:\/\/www.w3.org\/2000\/svg\" width=\"40\" height=\"16\" viewBox=\"0 0 40 16\" fill=\"none\"><g id=\"Group 10\"><path id=\"Vector\" d=\"M38.5 8.00049L1.5 8.00048\" stroke=\"#0A0807\" stroke-width=\"2\" stroke-linecap=\"round\" stroke-linejoin=\"round\"><\/path><path id=\"Vector_2\" d=\"M8.5 15L1.5 8L8.5 1\" stroke=\"#0A0807\" stroke-width=\"2\" stroke-linecap=\"round\" stroke-linejoin=\"round\"><\/path><\/g><\/svg>\t\t\t<\/span>\n\t\t\t\t\t\t\t\t\t<span class=\"elementor-button-text\">Retour<\/span>\n\t\t\t\t\t<\/span>\n\t\t\t\t\t<\/a>\n\t\t\t\t<\/div>\n\t\t\t\t\t\t\t\t<\/div>\n\t\t\t\t<\/div>\n\t\t\t\t\t<\/div>\n\t\t\t\t<\/div>\n\t\t<div class=\"elementor-element elementor-element-031d54a terms-info e-flex e-con-boxed e-con e-parent\" data-id=\"031d54a\" data-element_type=\"container\" data-e-type=\"container\">\n\t\t\t\t\t<div class=\"e-con-inner\">\n\t\t\t\t<div class=\"elementor-element elementor-element-f88a1d5 elementor-widget elementor-widget-heading\" data-id=\"f88a1d5\" data-element_type=\"widget\" data-e-type=\"widget\" data-widget_type=\"heading.default\">\n\t\t\t\t<div class=\"elementor-widget-container\">\n\t\t\t\t\t<h2 class=\"elementor-heading-title elementor-size-default\">Introduction  <\/h2>\t\t\t\t<\/div>\n\t\t\t\t<\/div>\n\t\t\t\t<div class=\"elementor-element elementor-element-927a96d elementor-widget elementor-widget-text-editor\" data-id=\"927a96d\" data-element_type=\"widget\" data-e-type=\"widget\" data-widget_type=\"text-editor.default\">\n\t\t\t\t<div class=\"elementor-widget-container\">\n\t\t\t\t\t\t\t\t\t<p>La pr\u00e9sente politique de confidentialit\u00e9 explique comment notre organisation (ci-apr\u00e8s \u00a0\u00bb Geosatis \u00a0\u00bb ou \u00a0\u00bb nous \u00ab\u00a0) utilise les donn\u00e9es personnelles que nous collectons aupr\u00e8s de vous lorsque vous utilisez notre site Web (ci-apr\u00e8s le \u00a0\u00bb Site \u00ab\u00a0).<\/p>\n<p>Ce document d\u00e9crit \u00e9galement vos droits concernant les donn\u00e9es personnelles collect\u00e9es et la mani\u00e8re de les faire valoir.<\/p>\n\t\t\t\t\t\t\t\t<\/div>\n\t\t\t\t<\/div>\n\t\t\t\t<div class=\"elementor-element elementor-element-d01c1b7 elementor-widget elementor-widget-heading\" data-id=\"d01c1b7\" data-element_type=\"widget\" data-e-type=\"widget\" data-widget_type=\"heading.default\">\n\t\t\t\t<div class=\"elementor-widget-container\">\n\t\t\t\t\t<h2 class=\"elementor-heading-title elementor-size-default\">Collecte et stockage des donn\u00e9es  <\/h2>\t\t\t\t<\/div>\n\t\t\t\t<\/div>\n\t\t\t\t<div class=\"elementor-element elementor-element-337640e elementor-widget elementor-widget-text-editor\" data-id=\"337640e\" data-element_type=\"widget\" data-e-type=\"widget\" data-widget_type=\"text-editor.default\">\n\t\t\t\t<div class=\"elementor-widget-container\">\n\t\t\t\t\t\t\t\t\t<p>En utilisant notre Site, vous acceptez que Geosatis collecte les donn\u00e9es suivantes :<\/p>\n<ul>\n<li>Informations d&rsquo;identification personnelle (nom, adresse \u00e9lectronique, num\u00e9ro de t\u00e9l\u00e9phone, lieu de r\u00e9sidence, etc \ud83d\ude09<\/li>\n<li>La date et l&rsquo;heure des visites sur le site, les pages consult\u00e9es, les sites Internet visit\u00e9s juste avant et juste apr\u00e8s notre site et le temps pass\u00e9 sur notre site.<\/li>\n<\/ul>\n<div> <\/div>\n<p>Vous fournissez directement \u00e0 Geosatis la plupart des donn\u00e9es que nous collectons. Nous collectons et traitons des donn\u00e9es lorsque vous vous inscrivez en ligne, lorsque vous envoyez un e-mail ou lorsque vous utilisez ou consultez notre site web via les cookies de votre navigateur. <\/p>\n<p>La transmission de donn\u00e9es via Internet n&rsquo;est pas totalement s\u00e9curis\u00e9e. Nous ne sommes donc pas responsables des donn\u00e9es transmises et bien que nous fassions de notre mieux pour prot\u00e9ger la s\u00e9curit\u00e9 de vos donn\u00e9es personnelles, nous ne pouvons pas assurer ou garantir la s\u00e9curit\u00e9 de vos donn\u00e9es transmises \u00e0 notre site. <\/p>\n<p>Lorsque nous collectons et utilisons des donn\u00e9es \u00e0 caract\u00e8re personnel, nous vous expliquons au pr\u00e9alable pourquoi nous en avons besoin, afin d&rsquo;agir en toute transparence :<\/p>\n<ul>\n<li>Promouvoir nos produits et services professionnels ainsi que nos activit\u00e9s potentielles ;<\/li>\n<li>Assurer la s\u00e9curit\u00e9 de nos syst\u00e8mes d&rsquo;information et de nos sites web ;<\/li>\n<li>Traitement des demandes de propositions et de devis en ligne, y compris la r\u00e9ponse aux communications des particuliers ;<\/li>\n<li>Prot\u00e9ger nos syst\u00e8mes informatiques et pr\u00e9venir la fraude ou les activit\u00e9s criminelles ;<\/li>\n<li>Emploi du personnel, processus de travail et recherche de candidats qualifi\u00e9s.<\/li>\n<\/ul>\n<div> <\/div>\n<p>Nous stockons les donn\u00e9es personnelles sur des serveurs situ\u00e9s en Suisse. Nous pouvons transf\u00e9rer des donn\u00e9es personnelles \u00e0 nos soci\u00e9t\u00e9s membres ou \u00e0 des organisations situ\u00e9es \u00e0 l&rsquo;int\u00e9rieur ou \u00e0 l&rsquo;ext\u00e9rieur de la Suisse. <\/p>\n<p>Nous pouvons partager des donn\u00e9es \u00e0 caract\u00e8re personnel avec notre soci\u00e9t\u00e9 partenaire pour nous aider \u00e0 fournir des services et des produits efficaces et de qualit\u00e9 (par exemple, les fournisseurs de syst\u00e8mes de t\u00e9l\u00e9communication, de soutien \u00e0 la salle de courrier et de soutien aux syst\u00e8mes informatiques).<\/p>\n<p>Chacune de nos entreprises partenaires est tenue de prot\u00e9ger les donn\u00e9es \u00e0 caract\u00e8re personnel conform\u00e9ment \u00e0 nos obligations contractuelles et \u00e0 la l\u00e9gislation applicable en mati\u00e8re de protection des donn\u00e9es. C&rsquo;est pourquoi le transfert n&rsquo;est effectu\u00e9 que vers des pays consid\u00e9r\u00e9s comme offrant un niveau de protection ad\u00e9quat selon les listes de pays publi\u00e9es par le Pr\u00e9pos\u00e9 f\u00e9d\u00e9ral \u00e0 la protection des donn\u00e9es et \u00e0 la transparence. <\/p>\n<p>Nous avons mis en place des mesures de s\u00e9curit\u00e9 techniques et organisationnelles appropri\u00e9es pour prot\u00e9ger les donn\u00e9es personnelles contre la perte, l&rsquo;utilisation abusive, l&rsquo;alt\u00e9ration ou la destruction.<\/p>\n<p>Nous conservons les donn\u00e9es \u00e0 caract\u00e8re personnel aussi longtemps qu&rsquo;elles sont n\u00e9cessaires aux fins pour lesquelles elles ont \u00e9t\u00e9 collect\u00e9es ou conform\u00e9ment aux exigences l\u00e9gales. \u00c0 l&rsquo;issue de cette p\u00e9riode, nous supprimerons vos donn\u00e9es. <\/p>\n\t\t\t\t\t\t\t\t<\/div>\n\t\t\t\t<\/div>\n\t\t\t\t<div class=\"elementor-element elementor-element-ceada05 elementor-widget elementor-widget-heading\" data-id=\"ceada05\" data-element_type=\"widget\" data-e-type=\"widget\" data-widget_type=\"heading.default\">\n\t\t\t\t<div class=\"elementor-widget-container\">\n\t\t\t\t\t<h2 class=\"elementor-heading-title elementor-size-default\">Droits relatifs \u00e0 la protection des donn\u00e9es<\/h2>\t\t\t\t<\/div>\n\t\t\t\t<\/div>\n\t\t\t\t<div class=\"elementor-element elementor-element-29b215a elementor-widget elementor-widget-text-editor\" data-id=\"29b215a\" data-element_type=\"widget\" data-e-type=\"widget\" data-widget_type=\"text-editor.default\">\n\t\t\t\t<div class=\"elementor-widget-container\">\n\t\t\t\t\t\t\t\t\t<p>Geosatis souhaite s&rsquo;assurer que vous \u00eates pleinement conscient de vos droits en mati\u00e8re de protection des donn\u00e9es. Chaque utilisateur a droit \u00e0 ce qui suit : <\/p>\n<ul>\n<li>Le droit d&rsquo;acc\u00e8s. Vous avez le droit de demander \u00e0 Geosatis des copies de vos donn\u00e9es personnelles. <\/li>\n<li>Le droit de rectification. Vous avez le droit de demander \u00e0 Geosatis de corriger toute information que vous estimez inexacte. Vous avez \u00e9galement le droit de demander \u00e0 Geosatis de compl\u00e9ter les informations que vous estimez incompl\u00e8tes.  <\/li>\n<li>Le droit \u00e0 l&rsquo;effacement. Vous avez le droit de demander \u00e0 Geosatis d&rsquo;effacer vos donn\u00e9es personnelles, sous certaines conditions. <\/li>\n<li>Le droit de restreindre le traitement. Vous avez le droit de demander \u00e0 Geosatis de limiter le traitement de vos donn\u00e9es personnelles. Si vous contestez l&rsquo;exactitude de vos donn\u00e9es personnelles, vous pouvez pr\u00e9f\u00e9rer restreindre leur utilisation plut\u00f4t que de nous demander de les effacer.  <\/li>\n<li>Le droit d&rsquo;opposition au traitement. Vous avez le droit de vous opposer au traitement de vos donn\u00e9es personnelles par Geosatis, sous certaines conditions. <\/li>\n<li>Le droit \u00e0 la portabilit\u00e9 des donn\u00e9es. Vous avez le droit de demander \u00e0 Geosatis de transf\u00e9rer les donn\u00e9es que nous avons collect\u00e9es \u00e0 une autre organisation, ou directement \u00e0 vous, si cela est techniquement possible et dans certaines circonstances. <\/li>\n<\/ul>\n<div> <\/div>\n<p>Si vous faites une demande, nous avons un mois pour vous r\u00e9pondre.<\/p>\n<p>Afin de s&rsquo;assurer que les donn\u00e9es personnelles ne sont pas divulgu\u00e9es \u00e0 une personne qui n&rsquo;a pas le droit de les recevoir, Geosatis peut vous demander une preuve d&rsquo;identit\u00e9, avant de r\u00e9pondre \u00e0 votre demande.<\/p>\n<p>En principe, aucune redevance n&rsquo;est exig\u00e9e en rapport avec votre demande, \u00e0 moins que celle-ci ne soit manifestement excessive ou infond\u00e9e. Sur la base d&rsquo;autres motifs l\u00e9gitimes, il est possible que nous ne soyons pas en mesure de r\u00e9pondre \u00e0 votre demande. <\/p>\n<p>Si vous souhaitez exercer l&rsquo;un de ces droits, veuillez nous contacter \u00e0 notre adresse \u00e9lectronique : info@geo-satis.com.<\/p>\n\t\t\t\t\t\t\t\t<\/div>\n\t\t\t\t<\/div>\n\t\t\t\t<div class=\"elementor-element elementor-element-81dfd8c elementor-widget elementor-widget-heading\" data-id=\"81dfd8c\" data-element_type=\"widget\" data-e-type=\"widget\" data-widget_type=\"heading.default\">\n\t\t\t\t<div class=\"elementor-widget-container\">\n\t\t\t\t\t<h2 class=\"elementor-heading-title elementor-size-default\">Utilisation de cookies  <\/h2>\t\t\t\t<\/div>\n\t\t\t\t<\/div>\n\t\t\t\t<div class=\"elementor-element elementor-element-5a682be elementor-widget elementor-widget-text-editor\" data-id=\"5a682be\" data-element_type=\"widget\" data-e-type=\"widget\" data-widget_type=\"text-editor.default\">\n\t\t\t\t<div class=\"elementor-widget-container\">\n\t\t\t\t\t\t\t\t\t<p>Les cookies sont des fichiers texte plac\u00e9s sur votre ordinateur pour collecter des informations de journal Internet standard et des informations sur le comportement des visiteurs. Lorsque vous visitez nos sites web, nous pouvons collecter automatiquement des informations vous concernant par le biais de cookies ou d&rsquo;autres technologies similaires. <\/p>\n<p>Geosatis utilise des cookies pour collecter des informations sur votre visite sur notre Site, le contenu que vous avez consult\u00e9, les liens que vous avez suivis et des informations sur votre navigateur, votre appareil et votre adresse IP.<\/p>\n<p>Geosatis utilise des cookies de diff\u00e9rentes mani\u00e8res afin d&rsquo;am\u00e9liorer l&rsquo;exp\u00e9rience de notre site, y compris pour vous garder connect\u00e9 et comprendre comment vous utilisez notre site. Nous ne stockons g\u00e9n\u00e9ralement pas les informations personnelles que vous nous avez fournies dans vos cookies. <\/p>\n<p>Vous pouvez configurer votre navigateur pour qu&rsquo;il n&rsquo;accepte pas les cookies, et le site susmentionn\u00e9 vous indique comment supprimer les cookies de votre navigateur. Toutefois, dans certains cas, il se peut que certaines fonctions de notre site ne fonctionnent pas. <\/p>\n\t\t\t\t\t\t\t\t<\/div>\n\t\t\t\t<\/div>\n\t\t\t\t<div class=\"elementor-element elementor-element-9a044e8 elementor-widget elementor-widget-heading\" data-id=\"9a044e8\" data-element_type=\"widget\" data-e-type=\"widget\" data-widget_type=\"heading.default\">\n\t\t\t\t<div class=\"elementor-widget-container\">\n\t\t\t\t\t<h2 class=\"elementor-heading-title elementor-size-default\">Analyse du site web<\/h2>\t\t\t\t<\/div>\n\t\t\t\t<\/div>\n\t\t\t\t<div class=\"elementor-element elementor-element-166d33a elementor-widget elementor-widget-text-editor\" data-id=\"166d33a\" data-element_type=\"widget\" data-e-type=\"widget\" data-widget_type=\"text-editor.default\">\n\t\t\t\t<div class=\"elementor-widget-container\">\n\t\t\t\t\t\t\t\t\t<p>Nous pouvons \u00e9galement nous associer \u00e0 des fournisseurs tiers s\u00e9lectionn\u00e9s, tels que Google Analytics et d&rsquo;autres, pour permettre des technologies de suivi et des services de remarketing sur le site par le biais de cookies de premi\u00e8re partie et de cookies de tierce partie, afin, entre autres, d&rsquo;analyser et de suivre l&rsquo;utilisation du site par les utilisateurs, de d\u00e9terminer la popularit\u00e9 de certains contenus et de mieux comprendre l&rsquo;activit\u00e9 en ligne. En acc\u00e9dant au site, vous consentez \u00e0 la collecte et \u00e0 l&rsquo;utilisation de vos informations par ces fournisseurs tiers. Nous vous encourageons \u00e0 consulter leur politique de confidentialit\u00e9 et \u00e0 les contacter directement pour obtenir des r\u00e9ponses \u00e0 vos questions. Nous ne transf\u00e9rons pas d&rsquo;informations personnelles \u00e0 ces fournisseurs tiers. Toutefois, si vous ne souhaitez pas que des informations soient collect\u00e9es et utilis\u00e9es par des technologies de suivi, vous pouvez visiter le site du fournisseur tiers.    <\/p>\n\t\t\t\t\t\t\t\t<\/div>\n\t\t\t\t<\/div>\n\t\t\t\t<div class=\"elementor-element elementor-element-abd33c4 elementor-widget elementor-widget-heading\" data-id=\"abd33c4\" data-element_type=\"widget\" data-e-type=\"widget\" data-widget_type=\"heading.default\">\n\t\t\t\t<div class=\"elementor-widget-container\">\n\t\t\t\t\t<h2 class=\"elementor-heading-title elementor-size-default\">Modifications de notre politique de confidentialit\u00e9<\/h2>\t\t\t\t<\/div>\n\t\t\t\t<\/div>\n\t\t\t\t<div class=\"elementor-element elementor-element-e225c2b elementor-widget elementor-widget-text-editor\" data-id=\"e225c2b\" data-element_type=\"widget\" data-e-type=\"widget\" data-widget_type=\"text-editor.default\">\n\t\t\t\t<div class=\"elementor-widget-container\">\n\t\t\t\t\t\t\t\t\t<p>Geosatis revoit r\u00e9guli\u00e8rement sa politique de confidentialit\u00e9 et publie toute mise \u00e0 jour sur cette page du site. Cette politique de confidentialit\u00e9 a \u00e9t\u00e9 mise \u00e0 jour pour la derni\u00e8re fois en mai 2020. <\/p>\n\t\t\t\t\t\t\t\t<\/div>\n\t\t\t\t<\/div>\n\t\t\t\t<div class=\"elementor-element elementor-element-737b3a7 elementor-widget elementor-widget-heading\" data-id=\"737b3a7\" data-element_type=\"widget\" data-e-type=\"widget\" data-widget_type=\"heading.default\">\n\t\t\t\t<div class=\"elementor-widget-container\">\n\t\t\t\t\t<h2 class=\"elementor-heading-title elementor-size-default\">Adresse et avis<\/h2>\t\t\t\t<\/div>\n\t\t\t\t<\/div>\n\t\t\t\t<div class=\"elementor-element elementor-element-c8087ab elementor-widget elementor-widget-text-editor\" data-id=\"c8087ab\" data-element_type=\"widget\" data-e-type=\"widget\" data-widget_type=\"text-editor.default\">\n\t\t\t\t<div class=\"elementor-widget-container\">\n\t\t\t\t\t\t\t\t\t<p>Si vous avez des questions concernant notre politique de confidentialit\u00e9, les donn\u00e9es que nous d\u00e9tenons sur vous, ou si vous souhaitez exercer l&rsquo;un de vos droits en mati\u00e8re de protection des donn\u00e9es, n&rsquo;h\u00e9sitez pas \u00e0 nous contacter \u00e0 l&rsquo;adresse suivante :<\/p>\n<p>Geosatis SA<br \/>D\u00e9l\u00e9gu\u00e9 \u00e0 la protection des donn\u00e9es<br \/>Rue Saint-Hubert 7<br \/>2340 Le Noirmont<br \/>Suisse<\/p>\n<p><a href=\"mailto:info@geo-satis.com\">info@geo-satis.com<\/a><\/p>\n<p>Si vous souhaitez d\u00e9poser une plainte ou si vous estimez que Geosatis n&rsquo;a pas r\u00e9pondu \u00e0 votre pr\u00e9occupation de mani\u00e8re satisfaisante, vous pouvez contacter l&rsquo;autorit\u00e9 de contr\u00f4le comp\u00e9tente en mati\u00e8re de protection des donn\u00e9es \u00e0 l&rsquo;adresse suivante : <a class=\"cursor-init\" href=\"https:\/\/www.edoeb.admin.ch\/\">Commissaire f\u00e9d\u00e9ral \u00e0 la protection des donn\u00e9es et \u00e0 l&rsquo;information<\/a>.<\/p>\n<p>La pr\u00e9sente politique de confidentialit\u00e9 fait partie int\u00e9grante des conditions d&rsquo;utilisation de notre site web.<\/p>\n\t\t\t\t\t\t\t\t<\/div>\n\t\t\t\t<\/div>\n\t\t\t\t\t<\/div>\n\t\t\t\t<\/div>\n\t\t\t\t<\/div>\n\t\t","protected":false},"excerpt":{"rendered":"<p>Politique de confidentialit\u00e9 Retour Introduction La pr\u00e9sente politique de confidentialit\u00e9 explique comment notre organisation (ci-apr\u00e8s \u00a0\u00bb Geosatis \u00a0\u00bb ou \u00a0\u00bb nous \u00ab\u00a0) utilise les donn\u00e9es personnelles que nous collectons aupr\u00e8s de vous lorsque vous utilisez notre site Web (ci-apr\u00e8s le \u00a0\u00bb Site \u00ab\u00a0). Ce document d\u00e9crit \u00e9galement vos droits concernant les donn\u00e9es personnelles collect\u00e9es et [&hellip;]<\/p>\n","protected":false},"author":1,"featured_media":0,"parent":0,"menu_order":0,"comment_status":"closed","ping_status":"open","template":"","meta":{"_acf_changed":false,"inline_featured_image":false,"footnotes":""},"class_list":["post-3004","page","type-page","status-publish","hentry"],"acf":[],"yoast_head":"<!-- This site is optimized with the Yoast SEO plugin v27.4 - https:\/\/yoast.com\/product\/yoast-seo-wordpress\/ -->\n<title>Politique de confidentialit\u00e9 - GEOSATIS<\/title>\n<meta name=\"robots\" content=\"index, follow, max-snippet:-1, max-image-preview:large, max-video-preview:-1\" \/>\n<link rel=\"canonical\" href=\"https:\/\/geo-satis.com\/fr\/politique-de-confidentialite\/\" \/>\n<meta property=\"og:locale\" content=\"fr_FR\" \/>\n<meta property=\"og:type\" content=\"article\" \/>\n<meta property=\"og:title\" content=\"Politique de confidentialit\u00e9 - GEOSATIS\" \/>\n<meta property=\"og:description\" content=\"Politique de confidentialit\u00e9 Retour Introduction La pr\u00e9sente politique de confidentialit\u00e9 explique comment notre organisation (ci-apr\u00e8s \u00a0\u00bb Geosatis \u00a0\u00bb ou \u00a0\u00bb nous \u00ab\u00a0) utilise les donn\u00e9es personnelles que nous collectons aupr\u00e8s de vous lorsque vous utilisez notre site Web (ci-apr\u00e8s le \u00a0\u00bb Site \u00ab\u00a0). Ce document d\u00e9crit \u00e9galement vos droits concernant les donn\u00e9es personnelles collect\u00e9es et [&hellip;]\" \/>\n<meta property=\"og:url\" content=\"https:\/\/geo-satis.com\/fr\/politique-de-confidentialite\/\" \/>\n<meta property=\"og:site_name\" content=\"GEOSATIS\" \/>\n<meta property=\"article:modified_time\" content=\"2024-12-12T22:51:10+00:00\" \/>\n<meta name=\"twitter:card\" content=\"summary_large_image\" \/>\n<meta name=\"twitter:site\" content=\"@geosatis\" \/>\n<meta name=\"twitter:label1\" content=\"Dur\u00e9e de lecture estim\u00e9e\" \/>\n\t<meta name=\"twitter:data1\" content=\"6 minutes\" \/>\n<script type=\"application\/ld+json\" class=\"yoast-schema-graph\">{\"@context\":\"https:\\\/\\\/schema.org\",\"@graph\":[{\"@type\":\"WebPage\",\"@id\":\"https:\\\/\\\/geo-satis.com\\\/fr\\\/politique-de-confidentialite\\\/\",\"url\":\"https:\\\/\\\/geo-satis.com\\\/fr\\\/politique-de-confidentialite\\\/\",\"name\":\"Politique de confidentialit\u00e9 - GEOSATIS\",\"isPartOf\":{\"@id\":\"https:\\\/\\\/geo-satis.com\\\/en\\\/#website\"},\"datePublished\":\"2024-10-21T16:32:20+00:00\",\"dateModified\":\"2024-12-12T22:51:10+00:00\",\"breadcrumb\":{\"@id\":\"https:\\\/\\\/geo-satis.com\\\/fr\\\/politique-de-confidentialite\\\/#breadcrumb\"},\"inLanguage\":\"fr-FR\",\"potentialAction\":[{\"@type\":\"ReadAction\",\"target\":[\"https:\\\/\\\/geo-satis.com\\\/fr\\\/politique-de-confidentialite\\\/\"]}]},{\"@type\":\"BreadcrumbList\",\"@id\":\"https:\\\/\\\/geo-satis.com\\\/fr\\\/politique-de-confidentialite\\\/#breadcrumb\",\"itemListElement\":[{\"@type\":\"ListItem\",\"position\":1,\"name\":\"Home\",\"item\":\"https:\\\/\\\/geo-satis.com\\\/fr\\\/\"},{\"@type\":\"ListItem\",\"position\":2,\"name\":\"Politique de confidentialit\u00e9\"}]},{\"@type\":\"WebSite\",\"@id\":\"https:\\\/\\\/geo-satis.com\\\/en\\\/#website\",\"url\":\"https:\\\/\\\/geo-satis.com\\\/en\\\/\",\"name\":\"Geosatis\",\"description\":\"GEOSATIS\",\"publisher\":{\"@id\":\"https:\\\/\\\/geo-satis.com\\\/en\\\/#organization\"},\"potentialAction\":[{\"@type\":\"SearchAction\",\"target\":{\"@type\":\"EntryPoint\",\"urlTemplate\":\"https:\\\/\\\/geo-satis.com\\\/en\\\/?s={search_term_string}\"},\"query-input\":{\"@type\":\"PropertyValueSpecification\",\"valueRequired\":true,\"valueName\":\"search_term_string\"}}],\"inLanguage\":\"fr-FR\"},{\"@type\":\"Organization\",\"@id\":\"https:\\\/\\\/geo-satis.com\\\/en\\\/#organization\",\"name\":\"Geosatis\",\"url\":\"https:\\\/\\\/geo-satis.com\\\/en\\\/\",\"logo\":{\"@type\":\"ImageObject\",\"inLanguage\":\"fr-FR\",\"@id\":\"https:\\\/\\\/geo-satis.com\\\/en\\\/#\\\/schema\\\/logo\\\/image\\\/\",\"url\":\"https:\\\/\\\/geo-satis.com\\\/wp-content\\\/uploads\\\/2025\\\/05\\\/White-logo.png\",\"contentUrl\":\"https:\\\/\\\/geo-satis.com\\\/wp-content\\\/uploads\\\/2025\\\/05\\\/White-logo.png\",\"width\":645,\"height\":121,\"caption\":\"Geosatis\"},\"image\":{\"@id\":\"https:\\\/\\\/geo-satis.com\\\/en\\\/#\\\/schema\\\/logo\\\/image\\\/\"},\"sameAs\":[\"https:\\\/\\\/x.com\\\/geosatis\"]}]}<\/script>\n<!-- \/ Yoast SEO plugin. -->","yoast_head_json":{"title":"Politique de confidentialit\u00e9 - GEOSATIS","robots":{"index":"index","follow":"follow","max-snippet":"max-snippet:-1","max-image-preview":"max-image-preview:large","max-video-preview":"max-video-preview:-1"},"canonical":"https:\/\/geo-satis.com\/fr\/politique-de-confidentialite\/","og_locale":"fr_FR","og_type":"article","og_title":"Politique de confidentialit\u00e9 - GEOSATIS","og_description":"Politique de confidentialit\u00e9 Retour Introduction La pr\u00e9sente politique de confidentialit\u00e9 explique comment notre organisation (ci-apr\u00e8s \u00a0\u00bb Geosatis \u00a0\u00bb ou \u00a0\u00bb nous \u00ab\u00a0) utilise les donn\u00e9es personnelles que nous collectons aupr\u00e8s de vous lorsque vous utilisez notre site Web (ci-apr\u00e8s le \u00a0\u00bb Site \u00ab\u00a0). Ce document d\u00e9crit \u00e9galement vos droits concernant les donn\u00e9es personnelles collect\u00e9es et [&hellip;]","og_url":"https:\/\/geo-satis.com\/fr\/politique-de-confidentialite\/","og_site_name":"GEOSATIS","article_modified_time":"2024-12-12T22:51:10+00:00","twitter_card":"summary_large_image","twitter_site":"@geosatis","twitter_misc":{"Dur\u00e9e de lecture estim\u00e9e":"6 minutes"},"schema":{"@context":"https:\/\/schema.org","@graph":[{"@type":"WebPage","@id":"https:\/\/geo-satis.com\/fr\/politique-de-confidentialite\/","url":"https:\/\/geo-satis.com\/fr\/politique-de-confidentialite\/","name":"Politique de confidentialit\u00e9 - GEOSATIS","isPartOf":{"@id":"https:\/\/geo-satis.com\/en\/#website"},"datePublished":"2024-10-21T16:32:20+00:00","dateModified":"2024-12-12T22:51:10+00:00","breadcrumb":{"@id":"https:\/\/geo-satis.com\/fr\/politique-de-confidentialite\/#breadcrumb"},"inLanguage":"fr-FR","potentialAction":[{"@type":"ReadAction","target":["https:\/\/geo-satis.com\/fr\/politique-de-confidentialite\/"]}]},{"@type":"BreadcrumbList","@id":"https:\/\/geo-satis.com\/fr\/politique-de-confidentialite\/#breadcrumb","itemListElement":[{"@type":"ListItem","position":1,"name":"Home","item":"https:\/\/geo-satis.com\/fr\/"},{"@type":"ListItem","position":2,"name":"Politique de confidentialit\u00e9"}]},{"@type":"WebSite","@id":"https:\/\/geo-satis.com\/en\/#website","url":"https:\/\/geo-satis.com\/en\/","name":"Geosatis","description":"GEOSATIS","publisher":{"@id":"https:\/\/geo-satis.com\/en\/#organization"},"potentialAction":[{"@type":"SearchAction","target":{"@type":"EntryPoint","urlTemplate":"https:\/\/geo-satis.com\/en\/?s={search_term_string}"},"query-input":{"@type":"PropertyValueSpecification","valueRequired":true,"valueName":"search_term_string"}}],"inLanguage":"fr-FR"},{"@type":"Organization","@id":"https:\/\/geo-satis.com\/en\/#organization","name":"Geosatis","url":"https:\/\/geo-satis.com\/en\/","logo":{"@type":"ImageObject","inLanguage":"fr-FR","@id":"https:\/\/geo-satis.com\/en\/#\/schema\/logo\/image\/","url":"https:\/\/geo-satis.com\/wp-content\/uploads\/2025\/05\/White-logo.png","contentUrl":"https:\/\/geo-satis.com\/wp-content\/uploads\/2025\/05\/White-logo.png","width":645,"height":121,"caption":"Geosatis"},"image":{"@id":"https:\/\/geo-satis.com\/en\/#\/schema\/logo\/image\/"},"sameAs":["https:\/\/x.com\/geosatis"]}]}},"_links":{"self":[{"href":"https:\/\/geo-satis.com\/fr\/wp-json\/wp\/v2\/pages\/3004","targetHints":{"allow":["GET"]}}],"collection":[{"href":"https:\/\/geo-satis.com\/fr\/wp-json\/wp\/v2\/pages"}],"about":[{"href":"https:\/\/geo-satis.com\/fr\/wp-json\/wp\/v2\/types\/page"}],"author":[{"embeddable":true,"href":"https:\/\/geo-satis.com\/fr\/wp-json\/wp\/v2\/users\/1"}],"replies":[{"embeddable":true,"href":"https:\/\/geo-satis.com\/fr\/wp-json\/wp\/v2\/comments?post=3004"}],"version-history":[{"count":0,"href":"https:\/\/geo-satis.com\/fr\/wp-json\/wp\/v2\/pages\/3004\/revisions"}],"wp:attachment":[{"href":"https:\/\/geo-satis.com\/fr\/wp-json\/wp\/v2\/media?parent=3004"}],"curies":[{"name":"wp","href":"https:\/\/api.w.org\/{rel}","templated":true}]}}