{"id":2745,"date":"2024-11-04T22:36:28","date_gmt":"2024-11-04T22:36:28","guid":{"rendered":"https:\/\/geo-satis.com\/quienes-somos\/"},"modified":"2025-04-30T02:23:13","modified_gmt":"2025-04-30T02:23:13","slug":"quienes-somos","status":"publish","type":"page","link":"https:\/\/geo-satis.com\/es\/quienes-somos\/","title":{"rendered":"Qui\u00e9nes somos"},"content":{"rendered":"\t\t<div data-elementor-type=\"wp-page\" data-elementor-id=\"2745\" class=\"elementor elementor-2745 elementor-592\" data-elementor-post-type=\"page\">\n\t\t\t\t<div class=\"elementor-element elementor-element-9795064 elementor-hidden-desktop elementor-hidden-laptop elementor-hidden-tablet elementor-hidden-mobile_extra elementor-hidden-mobile e-flex e-con-boxed e-con e-parent\" data-id=\"9795064\" data-element_type=\"container\" data-e-type=\"container\">\n\t\t\t\t\t<div class=\"e-con-inner\">\n\t\t\t\t<div class=\"elementor-element elementor-element-cb9e8c3 elementor-widget elementor-widget-heading\" data-id=\"cb9e8c3\" data-element_type=\"widget\" data-e-type=\"widget\" data-widget_type=\"heading.default\">\n\t\t\t\t<div class=\"elementor-widget-container\">\n\t\t\t\t\t<h1 class=\"elementor-heading-title elementor-size-default\">about us<\/h1>\t\t\t\t<\/div>\n\t\t\t\t<\/div>\n\t\t\t\t<div class=\"elementor-element elementor-element-6a0b9d0 an-sec-btn elementor-align-center elementor-widget elementor-widget-button\" data-id=\"6a0b9d0\" data-element_type=\"widget\" data-e-type=\"widget\" data-widget_type=\"button.default\">\n\t\t\t\t<div class=\"elementor-widget-container\">\n\t\t\t\t\t\t\t\t\t<div class=\"elementor-button-wrapper\">\n\t\t\t\t\t<a class=\"elementor-button elementor-button-link elementor-size-sm\" href=\"#\">\n\t\t\t\t\t\t<span class=\"elementor-button-content-wrapper\">\n\t\t\t\t\t\t<span class=\"elementor-button-icon\">\n\t\t\t\t<svg xmlns=\"http:\/\/www.w3.org\/2000\/svg\" width=\"40\" height=\"16\" viewBox=\"0 0 40 16\" fill=\"none\"><g id=\"Group 10\"><path id=\"Vector\" d=\"M38.5 8.00049L1.5 8.00048\" stroke=\"#0A0807\" stroke-width=\"2\" stroke-linecap=\"round\" stroke-linejoin=\"round\"><\/path><path id=\"Vector_2\" d=\"M8.5 15L1.5 8L8.5 1\" stroke=\"#0A0807\" stroke-width=\"2\" stroke-linecap=\"round\" stroke-linejoin=\"round\"><\/path><\/g><\/svg>\t\t\t<\/span>\n\t\t\t\t\t\t\t\t\t<span class=\"elementor-button-text\">Back<\/span>\n\t\t\t\t\t<\/span>\n\t\t\t\t\t<\/a>\n\t\t\t\t<\/div>\n\t\t\t\t\t\t\t\t<\/div>\n\t\t\t\t<\/div>\n\t\t\t\t\t<\/div>\n\t\t\t\t<\/div>\n\t\t<div class=\"elementor-element elementor-element-9124ab4 e-flex e-con-boxed e-con e-parent\" data-id=\"9124ab4\" data-element_type=\"container\" data-e-type=\"container\">\n\t\t\t\t\t<div class=\"e-con-inner\">\n\t\t<div class=\"elementor-element elementor-element-71f55d3 e-con-full e-flex e-con e-child\" data-id=\"71f55d3\" data-element_type=\"container\" data-e-type=\"container\">\n\t\t<div class=\"elementor-element elementor-element-c7aa4a9 e-con-full e-flex e-con e-child\" data-id=\"c7aa4a9\" data-element_type=\"container\" data-e-type=\"container\">\n\t\t\t\t<div class=\"elementor-element elementor-element-cfd5a1b elementor-widget elementor-widget-heading\" data-id=\"cfd5a1b\" data-element_type=\"widget\" data-e-type=\"widget\" data-widget_type=\"heading.default\">\n\t\t\t\t<div class=\"elementor-widget-container\">\n\t\t\t\t\t<h1 class=\"elementor-heading-title elementor-size-default\">Oficinas<\/h1>\t\t\t\t<\/div>\n\t\t\t\t<\/div>\n\t\t\t\t<\/div>\n\t\t<div class=\"elementor-element elementor-element-01cc24b e-con-full elementor-hidden-mobile e-flex e-con e-child\" data-id=\"01cc24b\" data-element_type=\"container\" data-e-type=\"container\">\n\t\t\t\t<\/div>\n\t\t\t\t<\/div>\n\t\t<div class=\"elementor-element elementor-element-3e27f34 e-con-full e-flex e-con e-child\" data-id=\"3e27f34\" data-element_type=\"container\" data-e-type=\"container\">\n\t\t<div class=\"elementor-element elementor-element-e852815 e-con-full an-location-box e-flex e-con e-child\" data-id=\"e852815\" data-element_type=\"container\" data-e-type=\"container\">\n\t\t\t\t<div class=\"elementor-element elementor-element-9d33a78 elementor-widget elementor-widget-image\" data-id=\"9d33a78\" data-element_type=\"widget\" data-e-type=\"widget\" data-widget_type=\"image.default\">\n\t\t\t\t<div class=\"elementor-widget-container\">\n\t\t\t\t\t\t\t\t\t\t\t\t\t\t\t<img fetchpriority=\"high\" decoding=\"async\" width=\"578\" height=\"529\" src=\"https:\/\/geo-satis.com\/wp-content\/uploads\/2024\/12\/Component-4-1.jpg\" class=\"attachment-large size-large wp-image-2663\" alt=\"The picturesque city of Geneva, Switzerland, featuring its famous lake, historic buildings, and stunning natural scenery. This is used in GPS Monitoring for parolees\" srcset=\"https:\/\/geo-satis.com\/wp-content\/uploads\/2024\/12\/Component-4-1.jpg 578w, https:\/\/geo-satis.com\/wp-content\/uploads\/2024\/12\/Component-4-1-300x275.jpg 300w\" sizes=\"(max-width: 578px) 100vw, 578px\" \/>\t\t\t\t\t\t\t\t\t\t\t\t\t\t\t<\/div>\n\t\t\t\t<\/div>\n\t\t\t\t<div class=\"elementor-element elementor-element-c522775 elementor-widget elementor-widget-text-editor\" data-id=\"c522775\" data-element_type=\"widget\" data-e-type=\"widget\" data-widget_type=\"text-editor.default\">\n\t\t\t\t<div class=\"elementor-widget-container\">\n\t\t\t\t\t\t\t\t\tLe Noirmont\/Lausanne, Suiza\t\t\t\t\t\t\t\t<\/div>\n\t\t\t\t<\/div>\n\t\t\t\t<\/div>\n\t\t<div class=\"elementor-element elementor-element-c367375 e-con-full an-location-box e-flex e-con e-child\" data-id=\"c367375\" data-element_type=\"container\" data-e-type=\"container\">\n\t\t\t\t<div class=\"elementor-element elementor-element-9d1c79b elementor-widget elementor-widget-image\" data-id=\"9d1c79b\" data-element_type=\"widget\" data-e-type=\"widget\" data-widget_type=\"image.default\">\n\t\t\t\t<div class=\"elementor-widget-container\">\n\t\t\t\t\t\t\t\t\t\t\t\t\t\t\t<img decoding=\"async\" width=\"578\" height=\"529\" src=\"https:\/\/geo-satis.com\/wp-content\/uploads\/2024\/12\/Component-3-1.jpg\" class=\"attachment-large size-large wp-image-2662\" alt=\"\" srcset=\"https:\/\/geo-satis.com\/wp-content\/uploads\/2024\/12\/Component-3-1.jpg 578w, https:\/\/geo-satis.com\/wp-content\/uploads\/2024\/12\/Component-3-1-300x275.jpg 300w\" sizes=\"(max-width: 578px) 100vw, 578px\" \/>\t\t\t\t\t\t\t\t\t\t\t\t\t\t\t<\/div>\n\t\t\t\t<\/div>\n\t\t\t\t<div class=\"elementor-element elementor-element-61b5c67 elementor-widget elementor-widget-text-editor\" data-id=\"61b5c67\" data-element_type=\"widget\" data-e-type=\"widget\" data-widget_type=\"text-editor.default\">\n\t\t\t\t<div class=\"elementor-widget-container\">\n\t\t\t\t\t\t\t\t\tChicago, Illinois EE.UU.\t\t\t\t\t\t\t\t<\/div>\n\t\t\t\t<\/div>\n\t\t\t\t<\/div>\n\t\t<div class=\"elementor-element elementor-element-698465f e-con-full an-location-box e-flex e-con e-child\" data-id=\"698465f\" data-element_type=\"container\" data-e-type=\"container\">\n\t\t\t\t<div class=\"elementor-element elementor-element-cd7886a elementor-widget elementor-widget-image\" data-id=\"cd7886a\" data-element_type=\"widget\" data-e-type=\"widget\" data-widget_type=\"image.default\">\n\t\t\t\t<div class=\"elementor-widget-container\">\n\t\t\t\t\t\t\t\t\t\t\t\t\t\t\t<img decoding=\"async\" width=\"578\" height=\"529\" src=\"https:\/\/geo-satis.com\/wp-content\/uploads\/2024\/12\/Component-5.jpg\" class=\"attachment-large size-large wp-image-2661\" alt=\"\" srcset=\"https:\/\/geo-satis.com\/wp-content\/uploads\/2024\/12\/Component-5.jpg 578w, https:\/\/geo-satis.com\/wp-content\/uploads\/2024\/12\/Component-5-300x275.jpg 300w\" sizes=\"(max-width: 578px) 100vw, 578px\" \/>\t\t\t\t\t\t\t\t\t\t\t\t\t\t\t<\/div>\n\t\t\t\t<\/div>\n\t\t\t\t<div class=\"elementor-element elementor-element-e99cb89 elementor-widget elementor-widget-text-editor\" data-id=\"e99cb89\" data-element_type=\"widget\" data-e-type=\"widget\" data-widget_type=\"text-editor.default\">\n\t\t\t\t<div class=\"elementor-widget-container\">\n\t\t\t\t\t\t\t\t\tMadrid, Espa\u00f1a\t\t\t\t\t\t\t\t<\/div>\n\t\t\t\t<\/div>\n\t\t\t\t<\/div>\n\t\t\t\t<\/div>\n\t\t\t\t\t<\/div>\n\t\t\t\t<\/div>\n\t\t<div class=\"elementor-element elementor-element-027df27 e-con-full video-size e-flex e-con e-parent\" data-id=\"027df27\" data-element_type=\"container\" data-e-type=\"container\" data-settings=\"{&quot;background_background&quot;:&quot;classic&quot;}\">\n\t\t<div class=\"elementor-element elementor-element-5de1283 e-flex e-con-boxed e-con e-child\" data-id=\"5de1283\" data-element_type=\"container\" data-e-type=\"container\">\n\t\t\t\t\t<div class=\"e-con-inner\">\n\t\t<div class=\"elementor-element elementor-element-5032336 e-con-full e-flex e-con e-child\" data-id=\"5032336\" data-element_type=\"container\" data-e-type=\"container\" data-settings=\"{&quot;background_background&quot;:&quot;classic&quot;}\">\n\t\t\t\t<div class=\"elementor-element elementor-element-1954272 elementor-widget elementor-widget-heading\" data-id=\"1954272\" data-element_type=\"widget\" data-e-type=\"widget\" data-widget_type=\"heading.default\">\n\t\t\t\t<div class=\"elementor-widget-container\">\n\t\t\t\t\t<h2 class=\"elementor-heading-title elementor-size-default\">Nuestra visi\u00f3n<\/h2>\t\t\t\t<\/div>\n\t\t\t\t<\/div>\n\t\t\t\t<div class=\"elementor-element elementor-element-957deea elementor-widget__width-initial elementor-widget-laptop__width-initial elementor-widget elementor-widget-text-editor\" data-id=\"957deea\" data-element_type=\"widget\" data-e-type=\"widget\" data-widget_type=\"text-editor.default\">\n\t\t\t\t<div class=\"elementor-widget-container\">\n\t\t\t\t\t\t\t\t\t<p><span class=\"error-spellcheck\" data-word=\"GEOSATIS\" data-suggestion=\"GELATINOSO\">GEOSATIS<\/span> sigue desafiando el <span class=\"error-spellcheck\" data-word=\"statu\" data-suggestion=\"sta-tu|estatua|estatus|sta tu\">statu<\/span> <span class=\"error-spellcheck\" data-word=\"quo\" data-suggestion=\"que|qui|qu\u00e9|qu\u00edo\">quo<\/span> con innovaciones revolucionarias que <span class=\"error-spellcheck\" data-word=\"redefinen\" data-suggestion=\"re-definen|rede-finen|predefinen|refinen|definen|re definen|rede finen\">redefinen<\/span> la vigilancia electr\u00f3nica. Nuestra misi\u00f3n es sencilla: hacer que la sociedad sea m\u00e1s segura, respetando los derechos y la dignidad de cada individuo. Tanto si eres un funcionario del gobierno, un profesional de las fuerzas de seguridad o un l\u00edder comunitario, <span class=\"error-spellcheck\" data-word=\"GEOSATIS\" data-suggestion=\"GELATINOSO\">GEOSATIS<\/span> es tu \u00fanico socio para construir un mundo m\u00e1s seguro y justo.<\/p>\t\t\t\t\t\t\t\t<\/div>\n\t\t\t\t<\/div>\n\t\t\t\t<div class=\"elementor-element elementor-element-471dcd5 elementor-widget__width-initial elementor-widget-laptop__width-initial elementor-widget elementor-widget-text-editor\" data-id=\"471dcd5\" data-element_type=\"widget\" data-e-type=\"widget\" data-widget_type=\"text-editor.default\">\n\t\t\t\t<div class=\"elementor-widget-container\">\n\t\t\t\t\t\t\t\t\t<p>Los productos de la empresa est\u00e1n dise\u00f1ados para apoyar a los funcionarios y a las jurisdicciones en sus funciones y para ayudar a los delincuentes a tener \u00e9xito en su programa de vigilancia y en su integraci\u00f3n en la comunidad. Esto incluye facilitar tareas como la carga y la instalaci\u00f3n\/eliminaci\u00f3n, al tiempo que se mantiene a los delincuentes m\u00e1s conformes gracias a nuestra fiable tecnolog\u00eda.<\/p>\t\t\t\t\t\t\t\t<\/div>\n\t\t\t\t<\/div>\n\t\t\t\t<\/div>\n\t\t<div class=\"elementor-element elementor-element-f2252d6 e-con-full elementor-hidden-mobile e-flex e-con e-child\" data-id=\"f2252d6\" data-element_type=\"container\" data-e-type=\"container\">\n\t\t\t\t<\/div>\n\t\t\t\t\t<\/div>\n\t\t\t\t<\/div>\n\t\t\t\t<\/div>\n\t\t<div class=\"elementor-element elementor-element-0657d78 e-flex e-con-boxed e-con e-parent\" data-id=\"0657d78\" data-element_type=\"container\" data-e-type=\"container\">\n\t\t\t\t\t<div class=\"e-con-inner\">\n\t\t<div class=\"elementor-element elementor-element-895b69b e-con-full e-flex e-con e-child\" data-id=\"895b69b\" data-element_type=\"container\" data-e-type=\"container\">\n\t\t\t\t<div class=\"elementor-element elementor-element-5afa234 elementor-widget elementor-widget-heading\" data-id=\"5afa234\" data-element_type=\"widget\" data-e-type=\"widget\" data-widget_type=\"heading.default\">\n\t\t\t\t<div class=\"elementor-widget-container\">\n\t\t\t\t\t<h2 class=\"elementor-heading-title elementor-size-default\">Funcionamiento en<\/h2>\t\t\t\t<\/div>\n\t\t\t\t<\/div>\n\t\t<div class=\"elementor-element elementor-element-1c80865 e-con-full e-flex e-con e-child\" data-id=\"1c80865\" data-element_type=\"container\" data-e-type=\"container\">\n\t\t<div class=\"elementor-element elementor-element-430718c e-con-full e-flex e-con e-child\" data-id=\"430718c\" data-element_type=\"container\" data-e-type=\"container\">\n\t\t\t\t<div class=\"elementor-element elementor-element-e31cc13 an-custom-li elementor-widget elementor-widget-text-editor\" data-id=\"e31cc13\" data-element_type=\"widget\" data-e-type=\"widget\" data-widget_type=\"text-editor.default\">\n\t\t\t\t<div class=\"elementor-widget-container\">\n\t\t\t\t\t\t\t\t\t<ul>\n \t<li>Suiza<\/li>\n \t<li>Estados Unidos<\/li>\n \t<li>Per\u00fa<\/li>\n \t<li>Brasil<\/li>\n \t<li>Senegal<\/li>\n \t<li>Noruega<\/li>\n \t<li>Lituania<\/li>\n<\/ul>\t\t\t\t\t\t\t\t<\/div>\n\t\t\t\t<\/div>\n\t\t\t\t<\/div>\n\t\t<div class=\"elementor-element elementor-element-ebaa879 e-con-full e-flex e-con e-child\" data-id=\"ebaa879\" data-element_type=\"container\" data-e-type=\"container\">\n\t\t\t\t<div class=\"elementor-element elementor-element-a1c947f an-custom-li elementor-widget elementor-widget-text-editor\" data-id=\"a1c947f\" data-element_type=\"widget\" data-e-type=\"widget\" data-widget_type=\"text-editor.default\">\n\t\t\t\t<div class=\"elementor-widget-container\">\n\t\t\t\t\t\t\t\t\t<ul>\n \t<li>Malta<\/li>\n \t<li>Kuwait<\/li>\n \t<li>Arabia Saud\u00ed<\/li>\n \t<li>Bahrein<\/li>\n \t<li>Maldivas<\/li>\n \t<li>Qatar<\/li>\n \t<li>T\u00fanez<\/li>\n<\/ul>\t\t\t\t\t\t\t\t<\/div>\n\t\t\t\t<\/div>\n\t\t\t\t<\/div>\n\t\t\t\t<\/div>\n\t\t\t\t<\/div>\n\t\t<div class=\"elementor-element elementor-element-aa3bd59 e-con-full e-flex e-con e-child\" data-id=\"aa3bd59\" data-element_type=\"container\" data-e-type=\"container\">\n\t\t\t\t<div class=\"elementor-element elementor-element-d82ab02 elementor-widget elementor-widget-image\" data-id=\"d82ab02\" data-element_type=\"widget\" data-e-type=\"widget\" data-widget_type=\"image.default\">\n\t\t\t\t<div class=\"elementor-widget-container\">\n\t\t\t\t\t\t\t\t\t\t\t\t\t\t\t<img loading=\"lazy\" decoding=\"async\" width=\"800\" height=\"537\" src=\"https:\/\/geo-satis.com\/wp-content\/uploads\/2024\/11\/340701234124-01-1.svg\" class=\"attachment-large size-large wp-image-2582\" alt=\"map that aids the GPS Monitoring for Parolees\" \/>\t\t\t\t\t\t\t\t\t\t\t\t\t\t\t<\/div>\n\t\t\t\t<\/div>\n\t\t\t\t<\/div>\n\t\t\t\t\t<\/div>\n\t\t\t\t<\/div>\n\t\t\t\t<\/div>\n\t\t","protected":false},"excerpt":{"rendered":"<p>about us Back Oficinas Le Noirmont\/Lausanne, Suiza Chicago, Illinois EE.UU. Madrid, Espa\u00f1a Nuestra visi\u00f3n GEOSATIS sigue desafiando el statu quo con innovaciones revolucionarias que redefinen la vigilancia electr\u00f3nica. Nuestra misi\u00f3n es sencilla: hacer que la sociedad sea m\u00e1s segura, respetando los derechos y la dignidad de cada individuo. Tanto si eres un funcionario del gobierno, [&hellip;]<\/p>\n","protected":false},"author":1,"featured_media":2663,"parent":0,"menu_order":0,"comment_status":"closed","ping_status":"closed","template":"","meta":{"_acf_changed":false,"inline_featured_image":false,"footnotes":""},"class_list":["post-2745","page","type-page","status-publish","has-post-thumbnail","hentry"],"acf":[],"yoast_head":"<!-- This site is optimized with the Yoast SEO plugin v27.3 - https:\/\/yoast.com\/product\/yoast-seo-wordpress\/ -->\n<title>GEOSATIS Surveillance Electronique - Le Noirmont, Suiza<\/title>\n<meta name=\"robots\" content=\"index, follow, max-snippet:-1, max-image-preview:large, max-video-preview:-1\" \/>\n<link rel=\"canonical\" href=\"https:\/\/geo-satis.com\/es\/quienes-somos\/\" \/>\n<meta property=\"og:locale\" content=\"es_ES\" \/>\n<meta property=\"og:type\" content=\"article\" \/>\n<meta property=\"og:title\" content=\"GEOSATIS Surveillance Electronique - Le Noirmont, Suiza\" \/>\n<meta property=\"og:description\" content=\"about us Back Oficinas Le Noirmont\/Lausanne, Suiza Chicago, Illinois EE.UU. Madrid, Espa\u00f1a Nuestra visi\u00f3n GEOSATIS sigue desafiando el statu quo con innovaciones revolucionarias que redefinen la vigilancia electr\u00f3nica. Nuestra misi\u00f3n es sencilla: hacer que la sociedad sea m\u00e1s segura, respetando los derechos y la dignidad de cada individuo. Tanto si eres un funcionario del gobierno, [&hellip;]\" \/>\n<meta property=\"og:url\" content=\"https:\/\/geo-satis.com\/es\/quienes-somos\/\" \/>\n<meta property=\"og:site_name\" content=\"GEOSATIS\" \/>\n<meta property=\"article:modified_time\" content=\"2025-04-30T02:23:13+00:00\" \/>\n<meta property=\"og:image\" content=\"https:\/\/geo-satis.com\/wp-content\/uploads\/2024\/12\/Component-4-1.jpg\" \/>\n\t<meta property=\"og:image:width\" content=\"578\" \/>\n\t<meta property=\"og:image:height\" content=\"529\" \/>\n\t<meta property=\"og:image:type\" content=\"image\/jpeg\" \/>\n<meta name=\"twitter:card\" content=\"summary_large_image\" \/>\n<meta name=\"twitter:site\" content=\"@geosatis\" \/>\n<meta name=\"twitter:label1\" content=\"Tiempo de lectura\" \/>\n\t<meta name=\"twitter:data1\" content=\"2 minutos\" \/>\n<script type=\"application\/ld+json\" class=\"yoast-schema-graph\">{\"@context\":\"https:\\\/\\\/schema.org\",\"@graph\":[{\"@type\":\"WebPage\",\"@id\":\"https:\\\/\\\/geo-satis.com\\\/es\\\/quienes-somos\\\/\",\"url\":\"https:\\\/\\\/geo-satis.com\\\/es\\\/quienes-somos\\\/\",\"name\":\"GEOSATIS Surveillance Electronique - Le Noirmont, Suiza\",\"isPartOf\":{\"@id\":\"https:\\\/\\\/geo-satis.com\\\/en\\\/#website\"},\"primaryImageOfPage\":{\"@id\":\"https:\\\/\\\/geo-satis.com\\\/es\\\/quienes-somos\\\/#primaryimage\"},\"image\":{\"@id\":\"https:\\\/\\\/geo-satis.com\\\/es\\\/quienes-somos\\\/#primaryimage\"},\"thumbnailUrl\":\"https:\\\/\\\/geo-satis.com\\\/wp-content\\\/uploads\\\/2024\\\/12\\\/Component-4-1.jpg\",\"datePublished\":\"2024-11-04T22:36:28+00:00\",\"dateModified\":\"2025-04-30T02:23:13+00:00\",\"breadcrumb\":{\"@id\":\"https:\\\/\\\/geo-satis.com\\\/es\\\/quienes-somos\\\/#breadcrumb\"},\"inLanguage\":\"es\",\"potentialAction\":[{\"@type\":\"ReadAction\",\"target\":[\"https:\\\/\\\/geo-satis.com\\\/es\\\/quienes-somos\\\/\"]}]},{\"@type\":\"ImageObject\",\"inLanguage\":\"es\",\"@id\":\"https:\\\/\\\/geo-satis.com\\\/es\\\/quienes-somos\\\/#primaryimage\",\"url\":\"https:\\\/\\\/geo-satis.com\\\/wp-content\\\/uploads\\\/2024\\\/12\\\/Component-4-1.jpg\",\"contentUrl\":\"https:\\\/\\\/geo-satis.com\\\/wp-content\\\/uploads\\\/2024\\\/12\\\/Component-4-1.jpg\",\"width\":578,\"height\":529,\"caption\":\"The picturesque city of Geneva, Switzerland, featuring its famous lake, historic buildings, and stunning natural scenery. This is used in GPS Monitoring for parolees\"},{\"@type\":\"BreadcrumbList\",\"@id\":\"https:\\\/\\\/geo-satis.com\\\/es\\\/quienes-somos\\\/#breadcrumb\",\"itemListElement\":[{\"@type\":\"ListItem\",\"position\":1,\"name\":\"Home\",\"item\":\"https:\\\/\\\/geo-satis.com\\\/es\\\/\"},{\"@type\":\"ListItem\",\"position\":2,\"name\":\"Qui\u00e9nes somos\"}]},{\"@type\":\"WebSite\",\"@id\":\"https:\\\/\\\/geo-satis.com\\\/en\\\/#website\",\"url\":\"https:\\\/\\\/geo-satis.com\\\/en\\\/\",\"name\":\"Geosatis\",\"description\":\"GEOSATIS\",\"publisher\":{\"@id\":\"https:\\\/\\\/geo-satis.com\\\/en\\\/#organization\"},\"potentialAction\":[{\"@type\":\"SearchAction\",\"target\":{\"@type\":\"EntryPoint\",\"urlTemplate\":\"https:\\\/\\\/geo-satis.com\\\/en\\\/?s={search_term_string}\"},\"query-input\":{\"@type\":\"PropertyValueSpecification\",\"valueRequired\":true,\"valueName\":\"search_term_string\"}}],\"inLanguage\":\"es\"},{\"@type\":\"Organization\",\"@id\":\"https:\\\/\\\/geo-satis.com\\\/en\\\/#organization\",\"name\":\"Geosatis\",\"url\":\"https:\\\/\\\/geo-satis.com\\\/en\\\/\",\"logo\":{\"@type\":\"ImageObject\",\"inLanguage\":\"es\",\"@id\":\"https:\\\/\\\/geo-satis.com\\\/en\\\/#\\\/schema\\\/logo\\\/image\\\/\",\"url\":\"https:\\\/\\\/geo-satis.com\\\/wp-content\\\/uploads\\\/2025\\\/05\\\/White-logo.png\",\"contentUrl\":\"https:\\\/\\\/geo-satis.com\\\/wp-content\\\/uploads\\\/2025\\\/05\\\/White-logo.png\",\"width\":645,\"height\":121,\"caption\":\"Geosatis\"},\"image\":{\"@id\":\"https:\\\/\\\/geo-satis.com\\\/en\\\/#\\\/schema\\\/logo\\\/image\\\/\"},\"sameAs\":[\"https:\\\/\\\/x.com\\\/geosatis\"]}]}<\/script>\n<!-- \/ Yoast SEO plugin. -->","yoast_head_json":{"title":"GEOSATIS Surveillance Electronique - Le Noirmont, Suiza","robots":{"index":"index","follow":"follow","max-snippet":"max-snippet:-1","max-image-preview":"max-image-preview:large","max-video-preview":"max-video-preview:-1"},"canonical":"https:\/\/geo-satis.com\/es\/quienes-somos\/","og_locale":"es_ES","og_type":"article","og_title":"GEOSATIS Surveillance Electronique - Le Noirmont, Suiza","og_description":"about us Back Oficinas Le Noirmont\/Lausanne, Suiza Chicago, Illinois EE.UU. Madrid, Espa\u00f1a Nuestra visi\u00f3n GEOSATIS sigue desafiando el statu quo con innovaciones revolucionarias que redefinen la vigilancia electr\u00f3nica. Nuestra misi\u00f3n es sencilla: hacer que la sociedad sea m\u00e1s segura, respetando los derechos y la dignidad de cada individuo. Tanto si eres un funcionario del gobierno, [&hellip;]","og_url":"https:\/\/geo-satis.com\/es\/quienes-somos\/","og_site_name":"GEOSATIS","article_modified_time":"2025-04-30T02:23:13+00:00","og_image":[{"width":578,"height":529,"url":"https:\/\/geo-satis.com\/wp-content\/uploads\/2024\/12\/Component-4-1.jpg","type":"image\/jpeg"}],"twitter_card":"summary_large_image","twitter_site":"@geosatis","twitter_misc":{"Tiempo de lectura":"2 minutos"},"schema":{"@context":"https:\/\/schema.org","@graph":[{"@type":"WebPage","@id":"https:\/\/geo-satis.com\/es\/quienes-somos\/","url":"https:\/\/geo-satis.com\/es\/quienes-somos\/","name":"GEOSATIS Surveillance Electronique - Le Noirmont, Suiza","isPartOf":{"@id":"https:\/\/geo-satis.com\/en\/#website"},"primaryImageOfPage":{"@id":"https:\/\/geo-satis.com\/es\/quienes-somos\/#primaryimage"},"image":{"@id":"https:\/\/geo-satis.com\/es\/quienes-somos\/#primaryimage"},"thumbnailUrl":"https:\/\/geo-satis.com\/wp-content\/uploads\/2024\/12\/Component-4-1.jpg","datePublished":"2024-11-04T22:36:28+00:00","dateModified":"2025-04-30T02:23:13+00:00","breadcrumb":{"@id":"https:\/\/geo-satis.com\/es\/quienes-somos\/#breadcrumb"},"inLanguage":"es","potentialAction":[{"@type":"ReadAction","target":["https:\/\/geo-satis.com\/es\/quienes-somos\/"]}]},{"@type":"ImageObject","inLanguage":"es","@id":"https:\/\/geo-satis.com\/es\/quienes-somos\/#primaryimage","url":"https:\/\/geo-satis.com\/wp-content\/uploads\/2024\/12\/Component-4-1.jpg","contentUrl":"https:\/\/geo-satis.com\/wp-content\/uploads\/2024\/12\/Component-4-1.jpg","width":578,"height":529,"caption":"The picturesque city of Geneva, Switzerland, featuring its famous lake, historic buildings, and stunning natural scenery. This is used in GPS Monitoring for parolees"},{"@type":"BreadcrumbList","@id":"https:\/\/geo-satis.com\/es\/quienes-somos\/#breadcrumb","itemListElement":[{"@type":"ListItem","position":1,"name":"Home","item":"https:\/\/geo-satis.com\/es\/"},{"@type":"ListItem","position":2,"name":"Qui\u00e9nes somos"}]},{"@type":"WebSite","@id":"https:\/\/geo-satis.com\/en\/#website","url":"https:\/\/geo-satis.com\/en\/","name":"Geosatis","description":"GEOSATIS","publisher":{"@id":"https:\/\/geo-satis.com\/en\/#organization"},"potentialAction":[{"@type":"SearchAction","target":{"@type":"EntryPoint","urlTemplate":"https:\/\/geo-satis.com\/en\/?s={search_term_string}"},"query-input":{"@type":"PropertyValueSpecification","valueRequired":true,"valueName":"search_term_string"}}],"inLanguage":"es"},{"@type":"Organization","@id":"https:\/\/geo-satis.com\/en\/#organization","name":"Geosatis","url":"https:\/\/geo-satis.com\/en\/","logo":{"@type":"ImageObject","inLanguage":"es","@id":"https:\/\/geo-satis.com\/en\/#\/schema\/logo\/image\/","url":"https:\/\/geo-satis.com\/wp-content\/uploads\/2025\/05\/White-logo.png","contentUrl":"https:\/\/geo-satis.com\/wp-content\/uploads\/2025\/05\/White-logo.png","width":645,"height":121,"caption":"Geosatis"},"image":{"@id":"https:\/\/geo-satis.com\/en\/#\/schema\/logo\/image\/"},"sameAs":["https:\/\/x.com\/geosatis"]}]}},"_links":{"self":[{"href":"https:\/\/geo-satis.com\/es\/wp-json\/wp\/v2\/pages\/2745","targetHints":{"allow":["GET"]}}],"collection":[{"href":"https:\/\/geo-satis.com\/es\/wp-json\/wp\/v2\/pages"}],"about":[{"href":"https:\/\/geo-satis.com\/es\/wp-json\/wp\/v2\/types\/page"}],"author":[{"embeddable":true,"href":"https:\/\/geo-satis.com\/es\/wp-json\/wp\/v2\/users\/1"}],"replies":[{"embeddable":true,"href":"https:\/\/geo-satis.com\/es\/wp-json\/wp\/v2\/comments?post=2745"}],"version-history":[{"count":0,"href":"https:\/\/geo-satis.com\/es\/wp-json\/wp\/v2\/pages\/2745\/revisions"}],"wp:featuredmedia":[{"embeddable":true,"href":"https:\/\/geo-satis.com\/es\/wp-json\/wp\/v2\/media\/2663"}],"wp:attachment":[{"href":"https:\/\/geo-satis.com\/es\/wp-json\/wp\/v2\/media?parent=2745"}],"curies":[{"name":"wp","href":"https:\/\/api.w.org\/{rel}","templated":true}]}}