{"id":3502,"date":"2024-10-21T16:32:20","date_gmt":"2024-10-21T16:32:20","guid":{"rendered":"https:\/\/geo-satis.com\/datenschutzbestimmungen\/"},"modified":"2025-04-30T02:18:29","modified_gmt":"2025-04-30T02:18:29","slug":"datenschutzbestimmungen","status":"publish","type":"page","link":"https:\/\/geo-satis.com\/de\/datenschutzbestimmungen\/","title":{"rendered":"Datenschutzbestimmungen"},"content":{"rendered":"\t\t<div data-elementor-type=\"wp-page\" data-elementor-id=\"3502\" class=\"elementor elementor-3502 elementor-3\" data-elementor-post-type=\"page\">\n\t\t\t\t<div class=\"elementor-element elementor-element-f5724d7 e-flex e-con-boxed e-con e-parent\" data-id=\"f5724d7\" data-element_type=\"container\" data-e-type=\"container\">\n\t\t\t\t\t<div class=\"e-con-inner\">\n\t\t\t\t<div class=\"elementor-element elementor-element-bd3d218 elementor-widget elementor-widget-heading\" data-id=\"bd3d218\" data-element_type=\"widget\" data-e-type=\"widget\" data-widget_type=\"heading.default\">\n\t\t\t\t<div class=\"elementor-widget-container\">\n\t\t\t\t\t<h1 class=\"elementor-heading-title elementor-size-default\">Datenschutzbestimmungen<\/h1>\t\t\t\t<\/div>\n\t\t\t\t<\/div>\n\t\t\t\t<div class=\"elementor-element elementor-element-04727c9 an-sec-btn an-back-btn elementor-align-center elementor-widget elementor-widget-button\" data-id=\"04727c9\" data-element_type=\"widget\" data-e-type=\"widget\" data-widget_type=\"button.default\">\n\t\t\t\t<div class=\"elementor-widget-container\">\n\t\t\t\t\t\t\t\t\t<div class=\"elementor-button-wrapper\">\n\t\t\t\t\t<a class=\"elementor-button elementor-button-link elementor-size-sm\" href=\"#\">\n\t\t\t\t\t\t<span class=\"elementor-button-content-wrapper\">\n\t\t\t\t\t\t<span class=\"elementor-button-icon\">\n\t\t\t\t<svg xmlns=\"http:\/\/www.w3.org\/2000\/svg\" width=\"40\" height=\"16\" viewBox=\"0 0 40 16\" fill=\"none\"><g id=\"Group 10\"><path id=\"Vector\" d=\"M38.5 8.00049L1.5 8.00048\" stroke=\"#0A0807\" stroke-width=\"2\" stroke-linecap=\"round\" stroke-linejoin=\"round\"><\/path><path id=\"Vector_2\" d=\"M8.5 15L1.5 8L8.5 1\" stroke=\"#0A0807\" stroke-width=\"2\" stroke-linecap=\"round\" stroke-linejoin=\"round\"><\/path><\/g><\/svg>\t\t\t<\/span>\n\t\t\t\t\t\t\t\t\t<span class=\"elementor-button-text\">Zur\u00fcck<\/span>\n\t\t\t\t\t<\/span>\n\t\t\t\t\t<\/a>\n\t\t\t\t<\/div>\n\t\t\t\t\t\t\t\t<\/div>\n\t\t\t\t<\/div>\n\t\t\t\t\t<\/div>\n\t\t\t\t<\/div>\n\t\t<div class=\"elementor-element elementor-element-031d54a terms-info e-flex e-con-boxed e-con e-parent\" data-id=\"031d54a\" data-element_type=\"container\" data-e-type=\"container\">\n\t\t\t\t\t<div class=\"e-con-inner\">\n\t\t\t\t<div class=\"elementor-element elementor-element-f88a1d5 elementor-widget elementor-widget-heading\" data-id=\"f88a1d5\" data-element_type=\"widget\" data-e-type=\"widget\" data-widget_type=\"heading.default\">\n\t\t\t\t<div class=\"elementor-widget-container\">\n\t\t\t\t\t<h2 class=\"elementor-heading-title elementor-size-default\">Einf\u00fchrung  <\/h2>\t\t\t\t<\/div>\n\t\t\t\t<\/div>\n\t\t\t\t<div class=\"elementor-element elementor-element-927a96d elementor-widget elementor-widget-text-editor\" data-id=\"927a96d\" data-element_type=\"widget\" data-e-type=\"widget\" data-widget_type=\"text-editor.default\">\n\t\t\t\t<div class=\"elementor-widget-container\">\n\t\t\t\t\t\t\t\t\t<p>In dieser Datenschutzerkl\u00e4rung wird erl\u00e4utert, wie unser Unternehmen (im Folgenden &#8222;Geosatis&#8220; oder &#8222;wir&#8220;) die personenbezogenen Daten verwendet, die wir von Ihnen bei der Nutzung unserer Website (im Folgenden &#8222;Website&#8220;) erfassen.<\/p>\n<p>Dieses Dokument beschreibt gleicherma\u00dfen Ihre Rechte in Bezug auf die erfassten pers\u00f6nlichen Daten und wie Sie diese geltend machen k\u00f6nnen.<\/p>\n\t\t\t\t\t\t\t\t<\/div>\n\t\t\t\t<\/div>\n\t\t\t\t<div class=\"elementor-element elementor-element-d01c1b7 elementor-widget elementor-widget-heading\" data-id=\"d01c1b7\" data-element_type=\"widget\" data-e-type=\"widget\" data-widget_type=\"heading.default\">\n\t\t\t\t<div class=\"elementor-widget-container\">\n\t\t\t\t\t<h2 class=\"elementor-heading-title elementor-size-default\">Datenerfassung und -speicherung  <\/h2>\t\t\t\t<\/div>\n\t\t\t\t<\/div>\n\t\t\t\t<div class=\"elementor-element elementor-element-337640e elementor-widget elementor-widget-text-editor\" data-id=\"337640e\" data-element_type=\"widget\" data-e-type=\"widget\" data-widget_type=\"text-editor.default\">\n\t\t\t\t<div class=\"elementor-widget-container\">\n\t\t\t\t\t\t\t\t\t<p>Durch die Nutzung unserer Website erkl\u00e4ren Sie sich damit einverstanden, dass Geosatis die folgenden Daten sammelt:<\/p>\n<ul>\n<li>Pers\u00f6nliche Identifikationsdaten (Name, E-Mail-Adresse, Telefonnummer, Standort usw.);<\/li>\n<li>Datum und Uhrzeit der Besuche auf der Website, die aufgerufenen Seiten, die unmittelbar vor und nach unserer Website besuchten Internetseiten und die auf unserer Website verbrachte Zeit.<\/li>\n<\/ul>\n<div> <\/div>\n<p>Die meisten Daten, die wir sammeln, stellen Sie Geosatis direkt zur Verf\u00fcgung. Wir erheben und verarbeiten Daten, wenn Sie sich online registrieren, eine E-Mail senden oder unsere Website \u00fcber die Cookies Ihres Browsers nutzen oder ansehen. <\/p>\n<p>Die \u00dcbertragung von Daten \u00fcber das Internet ist nicht v\u00f6llig sicher. Wir sind daher nicht f\u00fcr die \u00fcbermittelten Daten verantwortlich und obwohl wir unser Bestes tun, um die Sicherheit Ihrer pers\u00f6nlichen Daten zu sch\u00fctzen, k\u00f6nnen wir die Sicherheit Ihrer an unsere Website \u00fcbermittelten Daten nicht gew\u00e4hrleisten oder garantieren. <\/p>\n<p>Wenn wir personenbezogene Daten erheben und verwenden, erkl\u00e4ren wir Ihnen vorher, wozu wir sie ben\u00f6tigen, um transparent zu handeln, was in der Regel Folgendes beinhaltet:<\/p>\n<ul>\n<li>Werbung f\u00fcr unsere professionellen Produkte, Dienstleistungen und Gesch\u00e4ftsaussichten;<\/li>\n<li>Gew\u00e4hrleistung der Sicherheit unserer Informationssysteme und Websites;<\/li>\n<li>Bearbeitung von Online-Anfragen f\u00fcr Angebote und Kostenvoranschl\u00e4ge, einschlie\u00dflich der Beantwortung von Mitteilungen von Einzelpersonen;<\/li>\n<li>Schutz unserer IT-Systeme und Verhinderung von Betrug oder kriminellen Aktivit\u00e4ten;<\/li>\n<li>Einstellung von Personal, Arbeitsabl\u00e4ufe und Suche nach qualifizierten Kandidaten.<\/li>\n<\/ul>\n<div> <\/div>\n<p>Wir speichern personenbezogene Daten auf Servern in der Schweiz. Wir k\u00f6nnen personenbezogene Daten an unsere Mitgliedsunternehmen oder Organisationen innerhalb oder au\u00dferhalb der Schweiz \u00fcbermitteln. <\/p>\n<p>Wir k\u00f6nnen personenbezogene Daten an unsere Partnerunternehmen weitergeben, um uns bei der Bereitstellung effizienter und hochwertiger Dienstleistungen und Produkte zu unterst\u00fctzen (z. B. Anbieter von Telekommunikationssystemen, Poststellen und IT-Systemen).<\/p>\n<p>Jedes unserer Partnerunternehmen ist verpflichtet, personenbezogene Daten in \u00dcbereinstimmung mit unseren vertraglichen Verpflichtungen und den geltenden Datenschutzgesetzen zu sch\u00fctzen. Aus diesem Grund erfolgt die \u00dcbermittlung nur in L\u00e4nder, die nach den vom Bundesbeauftragten f\u00fcr den Datenschutz und die Informationsfreiheit ver\u00f6ffentlichten L\u00e4nderlisten ein angemessenes Schutzniveau bieten. <\/p>\n<p>Wir haben angemessene technische und organisatorische Sicherheitsma\u00dfnahmen getroffen, um personenbezogene Daten vor Verlust, Missbrauch, Ver\u00e4nderung oder Zerst\u00f6rung zu sch\u00fctzen.<\/p>\n<p>Wir bewahren personenbezogene Daten so lange auf, wie sie f\u00fcr die Zwecke, f\u00fcr die sie erhoben wurden, oder im Rahmen der gesetzlichen Bestimmungen ben\u00f6tigt werden. Nach Ablauf dieses Zeitraums werden wir Ihre Daten l\u00f6schen. <\/p>\n\t\t\t\t\t\t\t\t<\/div>\n\t\t\t\t<\/div>\n\t\t\t\t<div class=\"elementor-element elementor-element-ceada05 elementor-widget elementor-widget-heading\" data-id=\"ceada05\" data-element_type=\"widget\" data-e-type=\"widget\" data-widget_type=\"heading.default\">\n\t\t\t\t<div class=\"elementor-widget-container\">\n\t\t\t\t\t<h2 class=\"elementor-heading-title elementor-size-default\">Rechte zum Schutz der Daten<\/h2>\t\t\t\t<\/div>\n\t\t\t\t<\/div>\n\t\t\t\t<div class=\"elementor-element elementor-element-29b215a elementor-widget elementor-widget-text-editor\" data-id=\"29b215a\" data-element_type=\"widget\" data-e-type=\"widget\" data-widget_type=\"text-editor.default\">\n\t\t\t\t<div class=\"elementor-widget-container\">\n\t\t\t\t\t\t\t\t\t<p>Geosatis m\u00f6chte sicherstellen, dass Sie \u00fcber alle Ihre Datenschutzrechte informiert sind. Jeder Nutzer hat das Recht auf Folgendes: <\/p>\n<ul>\n<li>Das Recht auf Zugang. Sie haben das Recht, von Geosatis Kopien Ihrer pers\u00f6nlichen Daten zu verlangen. <\/li>\n<li>Das Recht auf Berichtigung. Sie haben das Recht, von Geosatis die Berichtigung von Informationen zu verlangen, von denen Sie glauben, dass sie unzutreffend sind. Sie haben auch das Recht, Geosatis aufzufordern, Informationen zu vervollst\u00e4ndigen, die Sie f\u00fcr unvollst\u00e4ndig halten.  <\/li>\n<li>Das Recht auf L\u00f6schung. Sie haben das Recht, von Geosatis unter bestimmten Bedingungen die L\u00f6schung Ihrer personenbezogenen Daten zu verlangen. <\/li>\n<li>Das Recht auf Einschr\u00e4nkung der Verarbeitung. Sie haben das Recht zu verlangen, dass Geosatis die Verarbeitung Ihrer personenbezogenen Daten einschr\u00e4nkt. Wenn Sie die Richtigkeit Ihrer personenbezogenen Daten anzweifeln, k\u00f6nnen Sie deren Verwendung einschr\u00e4nken, anstatt sie von uns l\u00f6schen zu lassen.  <\/li>\n<li>Das Recht auf Widerspruch gegen die Verarbeitung. Sie haben das Recht, der Verarbeitung Ihrer personenbezogenen Daten durch Geosatis unter bestimmten Bedingungen zu widersprechen. <\/li>\n<li>Das Recht auf Daten\u00fcbertragbarkeit. Sie haben das Recht zu verlangen, dass Geosatis die von uns gesammelten Daten an eine andere Organisation oder direkt an Sie \u00fcbermittelt, sofern dies technisch m\u00f6glich ist und unter bestimmten Umst\u00e4nden. <\/li>\n<\/ul>\n<div> <\/div>\n<p>Wenn Sie eine Anfrage stellen, haben wir einen Monat Zeit, Ihnen zu antworten.<\/p>\n<p>Um sicherzustellen, dass personenbezogene Daten nicht an Personen weitergegeben werden, die nicht berechtigt sind, sie zu erhalten, kann Geosatis Sie um einen Identit\u00e4tsnachweis bitten, bevor Ihre Anfrage beantwortet wird.<\/p>\n<p>Im Prinzip wird f\u00fcr Ihre Anfrage keine Geb\u00fchr verlangt, es sei denn, Ihre Anfrage ist eindeutig \u00fcberzogen oder unbegr\u00fcndet. Aus anderen rechtm\u00e4\u00dfigen Gr\u00fcnden kann es sein, dass wir nicht in der Lage sind, Ihre Anfrage zu beantworten. <\/p>\n<p>Wenn Sie eines dieser Rechte aus\u00fcben m\u00f6chten, kontaktieren Sie uns bitte per E-Mail: info@geo-satis.com.<\/p>\n\t\t\t\t\t\t\t\t<\/div>\n\t\t\t\t<\/div>\n\t\t\t\t<div class=\"elementor-element elementor-element-81dfd8c elementor-widget elementor-widget-heading\" data-id=\"81dfd8c\" data-element_type=\"widget\" data-e-type=\"widget\" data-widget_type=\"heading.default\">\n\t\t\t\t<div class=\"elementor-widget-container\">\n\t\t\t\t\t<h2 class=\"elementor-heading-title elementor-size-default\">Verwendung von Cookies  <\/h2>\t\t\t\t<\/div>\n\t\t\t\t<\/div>\n\t\t\t\t<div class=\"elementor-element elementor-element-5a682be elementor-widget elementor-widget-text-editor\" data-id=\"5a682be\" data-element_type=\"widget\" data-e-type=\"widget\" data-widget_type=\"text-editor.default\">\n\t\t\t\t<div class=\"elementor-widget-container\">\n\t\t\t\t\t\t\t\t\t<p>Cookies sind Textdateien, die auf Ihrem Computer abgelegt werden, um Standard-Internetprotokolldaten und Informationen zum Besucherverhalten zu sammeln. Wenn Sie unsere Websites besuchen, k\u00f6nnen wir mit Hilfe von Cookies oder \u00e4hnlicher Technologie automatisch Informationen \u00fcber Sie sammeln. <\/p>\n<p>Geosatis verwendet Cookies, um Informationen \u00fcber Ihren Besuch auf unserer Website, die Inhalte, die Sie angesehen haben, die Links, denen Sie gefolgt sind, sowie Informationen \u00fcber Ihren Browser, Ihr Ger\u00e4t und Ihre IP-Adresse zu sammeln.<\/p>\n<p>Geosatis verwendet Cookies auf verschiedene Weise, um die Nutzung unserer Website zu verbessern, z.B. um Sie angemeldet zu halten und zu verstehen, wie Sie unsere Website nutzen. Wir speichern im Allgemeinen keine pers\u00f6nlichen Informationen, die Sie uns in Ihren Cookies zur Verf\u00fcgung stellen. <\/p>\n<p>Sie k\u00f6nnen Ihren Browser so einstellen, dass er keine Cookies akzeptiert, und auf der oben genannten Website erfahren Sie, wie Sie Cookies aus Ihrem Browser entfernen k\u00f6nnen. In einigen wenigen F\u00e4llen kann es jedoch vorkommen, dass einige Funktionen unserer Website dann nicht funktionieren. <\/p>\n\t\t\t\t\t\t\t\t<\/div>\n\t\t\t\t<\/div>\n\t\t\t\t<div class=\"elementor-element elementor-element-9a044e8 elementor-widget elementor-widget-heading\" data-id=\"9a044e8\" data-element_type=\"widget\" data-e-type=\"widget\" data-widget_type=\"heading.default\">\n\t\t\t\t<div class=\"elementor-widget-container\">\n\t\t\t\t\t<h2 class=\"elementor-heading-title elementor-size-default\">Website-Analysen<\/h2>\t\t\t\t<\/div>\n\t\t\t\t<\/div>\n\t\t\t\t<div class=\"elementor-element elementor-element-166d33a elementor-widget elementor-widget-text-editor\" data-id=\"166d33a\" data-element_type=\"widget\" data-e-type=\"widget\" data-widget_type=\"text-editor.default\">\n\t\t\t\t<div class=\"elementor-widget-container\">\n\t\t\t\t\t\t\t\t\t<p>Wir k\u00f6nnen auch mit ausgew\u00e4hlten Drittanbietern wie Google Analytics und anderen zusammenarbeiten, um Tracking-Technologien und Remarketing-Dienste auf der Website durch die Verwendung von Cookies von Erstanbietern und Drittanbietern zu erm\u00f6glichen, um unter anderem die Nutzung der Website durch die Benutzer zu analysieren und zu verfolgen, die Beliebtheit bestimmter Inhalte zu ermitteln und die Online-Aktivit\u00e4ten besser zu verstehen. Indem Sie auf die Website zugreifen, erkl\u00e4ren Sie sich mit der Erfassung und Verwendung Ihrer Daten durch diese Drittanbieter einverstanden. Wir empfehlen Ihnen, deren Datenschutzrichtlinien zu lesen und sich direkt mit ihnen in Verbindung zu setzen, um Antworten auf Ihre Fragen zu erhalten. Wir geben keine pers\u00f6nlichen Daten an diese Drittanbieter weiter. Wenn Sie jedoch nicht m\u00f6chten, dass Informationen von Tracking-Technologien erfasst und verwendet werden, k\u00f6nnen Sie den Drittanbieter besuchen.    <\/p>\n\t\t\t\t\t\t\t\t<\/div>\n\t\t\t\t<\/div>\n\t\t\t\t<div class=\"elementor-element elementor-element-abd33c4 elementor-widget elementor-widget-heading\" data-id=\"abd33c4\" data-element_type=\"widget\" data-e-type=\"widget\" data-widget_type=\"heading.default\">\n\t\t\t\t<div class=\"elementor-widget-container\">\n\t\t\t\t\t<h2 class=\"elementor-heading-title elementor-size-default\">\u00c4nderungen an unserer Datenschutzrichtlinie<\/h2>\t\t\t\t<\/div>\n\t\t\t\t<\/div>\n\t\t\t\t<div class=\"elementor-element elementor-element-e225c2b elementor-widget elementor-widget-text-editor\" data-id=\"e225c2b\" data-element_type=\"widget\" data-e-type=\"widget\" data-widget_type=\"text-editor.default\">\n\t\t\t\t<div class=\"elementor-widget-container\">\n\t\t\t\t\t\t\t\t\t<p>Geosatis \u00fcberpr\u00fcft seine Datenschutzbestimmungen regelm\u00e4\u00dfig und ver\u00f6ffentlicht alle Aktualisierungen auf dieser Seite. Diese Datenschutzrichtlinie wurde zuletzt im Mai 2020 aktualisiert. <\/p>\n\t\t\t\t\t\t\t\t<\/div>\n\t\t\t\t<\/div>\n\t\t\t\t<div class=\"elementor-element elementor-element-737b3a7 elementor-widget elementor-widget-heading\" data-id=\"737b3a7\" data-element_type=\"widget\" data-e-type=\"widget\" data-widget_type=\"heading.default\">\n\t\t\t\t<div class=\"elementor-widget-container\">\n\t\t\t\t\t<h2 class=\"elementor-heading-title elementor-size-default\">Adresse und Hinweise<\/h2>\t\t\t\t<\/div>\n\t\t\t\t<\/div>\n\t\t\t\t<div class=\"elementor-element elementor-element-c8087ab elementor-widget elementor-widget-text-editor\" data-id=\"c8087ab\" data-element_type=\"widget\" data-e-type=\"widget\" data-widget_type=\"text-editor.default\">\n\t\t\t\t<div class=\"elementor-widget-container\">\n\t\t\t\t\t\t\t\t\t<p>Wenn Sie Fragen zu unseren Datenschutzrichtlinien haben, zu den Daten, die wir \u00fcber Sie speichern, oder wenn Sie eines Ihrer Datenschutzrechte aus\u00fcben m\u00f6chten, z\u00f6gern Sie bitte nicht, uns zu kontaktieren:<\/p>\n<p>Geosatis SA<br \/>Datenschutzbeauftragter<br \/>Rue Saint-Hubert 7<br \/>2340 Le Noirmont<br \/>Schweiz<\/p>\n<p><a href=\"mailto:info@geo-satis.com\">info@geo-satis.com<\/a><\/p>\n<p>Sollten Sie eine Beschwerde vorbringen wollen oder der Meinung sein, dass Geosatis Ihr Anliegen nicht zufriedenstellend behandelt hat, k\u00f6nnen Sie sich an die zust\u00e4ndige Datenschutzaufsichtsbeh\u00f6rde wenden: <a class=\"cursor-init\" href=\"https:\/\/www.edoeb.admin.ch\/\">Bundesbeauftragter f\u00fcr den Datenschutz und die Informationsfreiheit<\/a>.<\/p>\n<p>Diese Datenschutzrichtlinie ist ein wesentlicher Bestandteil unserer Nutzungsbedingungen f\u00fcr unsere Website.<\/p>\n\t\t\t\t\t\t\t\t<\/div>\n\t\t\t\t<\/div>\n\t\t\t\t\t<\/div>\n\t\t\t\t<\/div>\n\t\t\t\t<\/div>\n\t\t","protected":false},"excerpt":{"rendered":"<p>Datenschutzbestimmungen Zur\u00fcck Einf\u00fchrung In dieser Datenschutzerkl\u00e4rung wird erl\u00e4utert, wie unser Unternehmen (im Folgenden &#8222;Geosatis&#8220; oder &#8222;wir&#8220;) die personenbezogenen Daten verwendet, die wir von Ihnen bei der Nutzung unserer Website (im Folgenden &#8222;Website&#8220;) erfassen. Dieses Dokument beschreibt gleicherma\u00dfen Ihre Rechte in Bezug auf die erfassten pers\u00f6nlichen Daten und wie Sie diese geltend machen k\u00f6nnen. Datenerfassung und [&hellip;]<\/p>\n","protected":false},"author":1,"featured_media":0,"parent":0,"menu_order":0,"comment_status":"closed","ping_status":"open","template":"","meta":{"_acf_changed":false,"inline_featured_image":false,"footnotes":""},"class_list":["post-3502","page","type-page","status-publish","hentry"],"acf":[],"yoast_head":"<!-- This site is optimized with the Yoast SEO plugin v27.5 - https:\/\/yoast.com\/product\/yoast-seo-wordpress\/ -->\n<title>GEOSATIS Elektronische \u00dcberwachung - Le Noirmont, Schweiz<\/title>\n<meta name=\"robots\" content=\"index, follow, max-snippet:-1, max-image-preview:large, max-video-preview:-1\" \/>\n<link rel=\"canonical\" href=\"https:\/\/geo-satis.com\/de\/datenschutzbestimmungen\/\" \/>\n<meta property=\"og:locale\" content=\"de_DE\" \/>\n<meta property=\"og:type\" content=\"article\" \/>\n<meta property=\"og:title\" content=\"GEOSATIS Elektronische \u00dcberwachung - Le Noirmont, Schweiz\" \/>\n<meta property=\"og:description\" content=\"Datenschutzbestimmungen Zur\u00fcck Einf\u00fchrung In dieser Datenschutzerkl\u00e4rung wird erl\u00e4utert, wie unser Unternehmen (im Folgenden &#8222;Geosatis&#8220; oder &#8222;wir&#8220;) die personenbezogenen Daten verwendet, die wir von Ihnen bei der Nutzung unserer Website (im Folgenden &#8222;Website&#8220;) erfassen. Dieses Dokument beschreibt gleicherma\u00dfen Ihre Rechte in Bezug auf die erfassten pers\u00f6nlichen Daten und wie Sie diese geltend machen k\u00f6nnen. Datenerfassung und [&hellip;]\" \/>\n<meta property=\"og:url\" content=\"https:\/\/geo-satis.com\/de\/datenschutzbestimmungen\/\" \/>\n<meta property=\"og:site_name\" content=\"GEOSATIS\" \/>\n<meta property=\"article:modified_time\" content=\"2025-04-30T02:18:29+00:00\" \/>\n<meta name=\"twitter:card\" content=\"summary_large_image\" \/>\n<meta name=\"twitter:site\" content=\"@geosatis\" \/>\n<meta name=\"twitter:label1\" content=\"Gesch\u00e4tzte Lesezeit\" \/>\n\t<meta name=\"twitter:data1\" content=\"5\u00a0Minuten\" \/>\n<script type=\"application\/ld+json\" class=\"yoast-schema-graph\">{\"@context\":\"https:\\\/\\\/schema.org\",\"@graph\":[{\"@type\":\"WebPage\",\"@id\":\"https:\\\/\\\/geo-satis.com\\\/de\\\/datenschutzbestimmungen\\\/\",\"url\":\"https:\\\/\\\/geo-satis.com\\\/de\\\/datenschutzbestimmungen\\\/\",\"name\":\"GEOSATIS Elektronische \u00dcberwachung - Le Noirmont, Schweiz\",\"isPartOf\":{\"@id\":\"https:\\\/\\\/geo-satis.com\\\/en\\\/#website\"},\"datePublished\":\"2024-10-21T16:32:20+00:00\",\"dateModified\":\"2025-04-30T02:18:29+00:00\",\"breadcrumb\":{\"@id\":\"https:\\\/\\\/geo-satis.com\\\/de\\\/datenschutzbestimmungen\\\/#breadcrumb\"},\"inLanguage\":\"de\",\"potentialAction\":[{\"@type\":\"ReadAction\",\"target\":[\"https:\\\/\\\/geo-satis.com\\\/de\\\/datenschutzbestimmungen\\\/\"]}]},{\"@type\":\"BreadcrumbList\",\"@id\":\"https:\\\/\\\/geo-satis.com\\\/de\\\/datenschutzbestimmungen\\\/#breadcrumb\",\"itemListElement\":[{\"@type\":\"ListItem\",\"position\":1,\"name\":\"Home\",\"item\":\"https:\\\/\\\/geo-satis.com\\\/de\\\/\"},{\"@type\":\"ListItem\",\"position\":2,\"name\":\"Datenschutzbestimmungen\"}]},{\"@type\":\"WebSite\",\"@id\":\"https:\\\/\\\/geo-satis.com\\\/en\\\/#website\",\"url\":\"https:\\\/\\\/geo-satis.com\\\/en\\\/\",\"name\":\"Geosatis\",\"description\":\"GEOSATIS\",\"publisher\":{\"@id\":\"https:\\\/\\\/geo-satis.com\\\/en\\\/#organization\"},\"potentialAction\":[{\"@type\":\"SearchAction\",\"target\":{\"@type\":\"EntryPoint\",\"urlTemplate\":\"https:\\\/\\\/geo-satis.com\\\/en\\\/?s={search_term_string}\"},\"query-input\":{\"@type\":\"PropertyValueSpecification\",\"valueRequired\":true,\"valueName\":\"search_term_string\"}}],\"inLanguage\":\"de\"},{\"@type\":\"Organization\",\"@id\":\"https:\\\/\\\/geo-satis.com\\\/en\\\/#organization\",\"name\":\"Geosatis\",\"url\":\"https:\\\/\\\/geo-satis.com\\\/en\\\/\",\"logo\":{\"@type\":\"ImageObject\",\"inLanguage\":\"de\",\"@id\":\"https:\\\/\\\/geo-satis.com\\\/en\\\/#\\\/schema\\\/logo\\\/image\\\/\",\"url\":\"https:\\\/\\\/geo-satis.com\\\/wp-content\\\/uploads\\\/2025\\\/05\\\/White-logo.png\",\"contentUrl\":\"https:\\\/\\\/geo-satis.com\\\/wp-content\\\/uploads\\\/2025\\\/05\\\/White-logo.png\",\"width\":645,\"height\":121,\"caption\":\"Geosatis\"},\"image\":{\"@id\":\"https:\\\/\\\/geo-satis.com\\\/en\\\/#\\\/schema\\\/logo\\\/image\\\/\"},\"sameAs\":[\"https:\\\/\\\/x.com\\\/geosatis\"]}]}<\/script>\n<!-- \/ Yoast SEO plugin. -->","yoast_head_json":{"title":"GEOSATIS Elektronische \u00dcberwachung - Le Noirmont, Schweiz","robots":{"index":"index","follow":"follow","max-snippet":"max-snippet:-1","max-image-preview":"max-image-preview:large","max-video-preview":"max-video-preview:-1"},"canonical":"https:\/\/geo-satis.com\/de\/datenschutzbestimmungen\/","og_locale":"de_DE","og_type":"article","og_title":"GEOSATIS Elektronische \u00dcberwachung - Le Noirmont, Schweiz","og_description":"Datenschutzbestimmungen Zur\u00fcck Einf\u00fchrung In dieser Datenschutzerkl\u00e4rung wird erl\u00e4utert, wie unser Unternehmen (im Folgenden &#8222;Geosatis&#8220; oder &#8222;wir&#8220;) die personenbezogenen Daten verwendet, die wir von Ihnen bei der Nutzung unserer Website (im Folgenden &#8222;Website&#8220;) erfassen. Dieses Dokument beschreibt gleicherma\u00dfen Ihre Rechte in Bezug auf die erfassten pers\u00f6nlichen Daten und wie Sie diese geltend machen k\u00f6nnen. Datenerfassung und [&hellip;]","og_url":"https:\/\/geo-satis.com\/de\/datenschutzbestimmungen\/","og_site_name":"GEOSATIS","article_modified_time":"2025-04-30T02:18:29+00:00","twitter_card":"summary_large_image","twitter_site":"@geosatis","twitter_misc":{"Gesch\u00e4tzte Lesezeit":"5\u00a0Minuten"},"schema":{"@context":"https:\/\/schema.org","@graph":[{"@type":"WebPage","@id":"https:\/\/geo-satis.com\/de\/datenschutzbestimmungen\/","url":"https:\/\/geo-satis.com\/de\/datenschutzbestimmungen\/","name":"GEOSATIS Elektronische \u00dcberwachung - Le Noirmont, Schweiz","isPartOf":{"@id":"https:\/\/geo-satis.com\/en\/#website"},"datePublished":"2024-10-21T16:32:20+00:00","dateModified":"2025-04-30T02:18:29+00:00","breadcrumb":{"@id":"https:\/\/geo-satis.com\/de\/datenschutzbestimmungen\/#breadcrumb"},"inLanguage":"de","potentialAction":[{"@type":"ReadAction","target":["https:\/\/geo-satis.com\/de\/datenschutzbestimmungen\/"]}]},{"@type":"BreadcrumbList","@id":"https:\/\/geo-satis.com\/de\/datenschutzbestimmungen\/#breadcrumb","itemListElement":[{"@type":"ListItem","position":1,"name":"Home","item":"https:\/\/geo-satis.com\/de\/"},{"@type":"ListItem","position":2,"name":"Datenschutzbestimmungen"}]},{"@type":"WebSite","@id":"https:\/\/geo-satis.com\/en\/#website","url":"https:\/\/geo-satis.com\/en\/","name":"Geosatis","description":"GEOSATIS","publisher":{"@id":"https:\/\/geo-satis.com\/en\/#organization"},"potentialAction":[{"@type":"SearchAction","target":{"@type":"EntryPoint","urlTemplate":"https:\/\/geo-satis.com\/en\/?s={search_term_string}"},"query-input":{"@type":"PropertyValueSpecification","valueRequired":true,"valueName":"search_term_string"}}],"inLanguage":"de"},{"@type":"Organization","@id":"https:\/\/geo-satis.com\/en\/#organization","name":"Geosatis","url":"https:\/\/geo-satis.com\/en\/","logo":{"@type":"ImageObject","inLanguage":"de","@id":"https:\/\/geo-satis.com\/en\/#\/schema\/logo\/image\/","url":"https:\/\/geo-satis.com\/wp-content\/uploads\/2025\/05\/White-logo.png","contentUrl":"https:\/\/geo-satis.com\/wp-content\/uploads\/2025\/05\/White-logo.png","width":645,"height":121,"caption":"Geosatis"},"image":{"@id":"https:\/\/geo-satis.com\/en\/#\/schema\/logo\/image\/"},"sameAs":["https:\/\/x.com\/geosatis"]}]}},"_links":{"self":[{"href":"https:\/\/geo-satis.com\/de\/wp-json\/wp\/v2\/pages\/3502","targetHints":{"allow":["GET"]}}],"collection":[{"href":"https:\/\/geo-satis.com\/de\/wp-json\/wp\/v2\/pages"}],"about":[{"href":"https:\/\/geo-satis.com\/de\/wp-json\/wp\/v2\/types\/page"}],"author":[{"embeddable":true,"href":"https:\/\/geo-satis.com\/de\/wp-json\/wp\/v2\/users\/1"}],"replies":[{"embeddable":true,"href":"https:\/\/geo-satis.com\/de\/wp-json\/wp\/v2\/comments?post=3502"}],"version-history":[{"count":0,"href":"https:\/\/geo-satis.com\/de\/wp-json\/wp\/v2\/pages\/3502\/revisions"}],"wp:attachment":[{"href":"https:\/\/geo-satis.com\/de\/wp-json\/wp\/v2\/media?parent=3502"}],"curies":[{"name":"wp","href":"https:\/\/api.w.org\/{rel}","templated":true}]}}