{"id":3447,"date":"2025-01-22T01:09:59","date_gmt":"2025-01-22T01:09:59","guid":{"rendered":"https:\/\/geo-satis.com\/karriere\/"},"modified":"2025-04-30T02:19:35","modified_gmt":"2025-04-30T02:19:35","slug":"karriere","status":"publish","type":"page","link":"https:\/\/geo-satis.com\/de\/karriere\/","title":{"rendered":"Karriere"},"content":{"rendered":"\t\t<div data-elementor-type=\"wp-page\" data-elementor-id=\"3447\" class=\"elementor elementor-3447 elementor-3444\" data-elementor-post-type=\"page\">\n\t\t\t\t<div class=\"elementor-element elementor-element-266f89d e-flex e-con-boxed e-con e-parent\" data-id=\"266f89d\" data-element_type=\"container\" data-e-type=\"container\" data-settings=\"{&quot;background_background&quot;:&quot;classic&quot;}\">\n\t\t\t\t\t<div class=\"e-con-inner\">\n\t\t\t\t<div class=\"elementor-element elementor-element-f5a84d4 elementor-widget-mobile__width-initial elementor-widget elementor-widget-heading\" data-id=\"f5a84d4\" data-element_type=\"widget\" data-e-type=\"widget\" data-widget_type=\"heading.default\">\n\t\t\t\t<div class=\"elementor-widget-container\">\n\t\t\t\t\t<h2 class=\"elementor-heading-title elementor-size-default\">Mit GEOSATIS etwas bewirken<\/h2>\t\t\t\t<\/div>\n\t\t\t\t<\/div>\n\t\t<div class=\"elementor-element elementor-element-9063648 e-con-full e-flex e-con e-child\" data-id=\"9063648\" data-element_type=\"container\" data-e-type=\"container\">\n\t\t<div class=\"elementor-element elementor-element-a2d1558 e-con-full e-flex e-con e-child\" data-id=\"a2d1558\" data-element_type=\"container\" data-e-type=\"container\">\n\t\t\t\t<div class=\"elementor-element elementor-element-ef1a5bb elementor-widget elementor-widget-image\" data-id=\"ef1a5bb\" data-element_type=\"widget\" data-e-type=\"widget\" data-widget_type=\"image.default\">\n\t\t\t\t<div class=\"elementor-widget-container\">\n\t\t\t\t\t\t\t\t\t\t\t\t\t\t\t<img fetchpriority=\"high\" decoding=\"async\" width=\"730\" height=\"593\" src=\"https:\/\/geo-satis.com\/wp-content\/uploads\/2025\/01\/Rectangle-17.png\" class=\"attachment-large size-large wp-image-3451\" alt=\"\" srcset=\"https:\/\/geo-satis.com\/wp-content\/uploads\/2025\/01\/Rectangle-17.png 730w, https:\/\/geo-satis.com\/wp-content\/uploads\/2025\/01\/Rectangle-17-300x244.png 300w\" sizes=\"(max-width: 730px) 100vw, 730px\" \/>\t\t\t\t\t\t\t\t\t\t\t\t\t\t\t<\/div>\n\t\t\t\t<\/div>\n\t\t\t\t<\/div>\n\t\t<div class=\"elementor-element elementor-element-4732e41 e-con-full e-flex e-con e-child\" data-id=\"4732e41\" data-element_type=\"container\" data-e-type=\"container\">\n\t\t\t\t<div class=\"elementor-element elementor-element-c11ce2d elementor-widget elementor-widget-text-editor\" data-id=\"c11ce2d\" data-element_type=\"widget\" data-e-type=\"widget\" data-widget_type=\"text-editor.default\">\n\t\t\t\t<div class=\"elementor-widget-container\">\n\t\t\t\t\t\t\t\t\t<p>Wir bei GEOSATIS sind nicht nur ein Technologieunternehmen, sondern eine Gemeinschaft leidenschaftlicher Menschen, die sich daf\u00fcr einsetzen, Grenzen zu \u00fcberwinden und Innovationen voranzutreiben. Unsere Kultur lebt von Zusammenarbeit, Kreativit\u00e4t und kontinuierlichem Lernen. <\/p>\n<p>Wir bieten dynamische M\u00f6glichkeiten f\u00fcr talentierte Personen, die einen positiven sozialen Wandel vorantreiben und die Sicherheit der Gemeinschaft durch die Kraft von Menschen und Technologie verbessern m\u00f6chten. Kommen Sie in unser Team! <\/p>\n\t\t\t\t\t\t\t\t<\/div>\n\t\t\t\t<\/div>\n\t\t\t\t<div class=\"elementor-element elementor-element-8764240 an-sec-btn elementor-widget elementor-widget-button\" data-id=\"8764240\" data-element_type=\"widget\" data-e-type=\"widget\" data-widget_type=\"button.default\">\n\t\t\t\t<div class=\"elementor-widget-container\">\n\t\t\t\t\t\t\t\t\t<div class=\"elementor-button-wrapper\">\n\t\t\t\t\t<a class=\"elementor-button elementor-button-link elementor-size-sm\" href=\"#elementor-action%3Aaction%3Dpopup%3Aopen%26settings%3DeyJpZCI6NDA3NSwidG9nZ2xlIjpmYWxzZX0%3D\">\n\t\t\t\t\t\t<span class=\"elementor-button-content-wrapper\">\n\t\t\t\t\t\t<span class=\"elementor-button-icon\">\n\t\t\t\t<svg xmlns=\"http:\/\/www.w3.org\/2000\/svg\" width=\"39\" height=\"16\" viewBox=\"0 0 39 16\" fill=\"none\"><path d=\"M1 7.99951L38 7.99951\" stroke=\"#0A0807\" stroke-width=\"2\" stroke-linecap=\"round\" stroke-linejoin=\"round\"><\/path><path d=\"M31 1L38 8L31 15\" stroke=\"#0A0807\" stroke-width=\"2\" stroke-linecap=\"round\" stroke-linejoin=\"round\"><\/path><\/svg>\t\t\t<\/span>\n\t\t\t\t\t\t\t\t\t<span class=\"elementor-button-text\">Kontaktieren Sie uns<\/span>\n\t\t\t\t\t<\/span>\n\t\t\t\t\t<\/a>\n\t\t\t\t<\/div>\n\t\t\t\t\t\t\t\t<\/div>\n\t\t\t\t<\/div>\n\t\t\t\t<\/div>\n\t\t\t\t<\/div>\n\t\t\t\t\t<\/div>\n\t\t\t\t<\/div>\n\t\t<div class=\"elementor-element elementor-element-4a34299 career-full e-flex e-con-boxed e-con e-parent\" data-id=\"4a34299\" data-element_type=\"container\" data-e-type=\"container\">\n\t\t\t\t\t<div class=\"e-con-inner\">\n\t\t\t\t<div class=\"elementor-element elementor-element-ef8d6d4 elementor-widget elementor-widget-heading\" data-id=\"ef8d6d4\" data-element_type=\"widget\" data-e-type=\"widget\" data-widget_type=\"heading.default\">\n\t\t\t\t<div class=\"elementor-widget-container\">\n\t\t\t\t\t<h2 class=\"elementor-heading-title elementor-size-default\">Schauen Sie bald wieder vorbei f\u00fcr zuk\u00fcnftige Gelegenheiten<\/h2>\t\t\t\t<\/div>\n\t\t\t\t<\/div>\n\t\t\t\t<div class=\"elementor-element elementor-element-23e50b2 elementor-hidden-desktop elementor-hidden-laptop elementor-hidden-tablet elementor-hidden-mobile_extra elementor-hidden-mobile elementor-widget elementor-widget-n-accordion\" data-id=\"23e50b2\" data-element_type=\"widget\" data-e-type=\"widget\" data-settings=\"{&quot;default_state&quot;:&quot;all_collapsed&quot;,&quot;max_items_expended&quot;:&quot;one&quot;,&quot;n_accordion_animation_duration&quot;:{&quot;unit&quot;:&quot;ms&quot;,&quot;size&quot;:400,&quot;sizes&quot;:[]}}\" data-widget_type=\"nested-accordion.default\">\n\t\t\t\t<div class=\"elementor-widget-container\">\n\t\t\t\t\t\t\t<div class=\"e-n-accordion\" aria-label=\"Accordion. Open links with Enter or Space, close with Escape, and navigate with Arrow Keys\">\n\t\t\t\t\t\t<details id=\"carrers1\" class=\"e-n-accordion-item\" >\n\t\t\t\t<summary class=\"e-n-accordion-item-title\" data-accordion-index=\"1\" tabindex=\"0\" aria-expanded=\"false\" aria-controls=\"carrers1\" >\n\t\t\t\t\t<span class='e-n-accordion-item-title-header'><div class=\"e-n-accordion-item-title-text\"> MARKETING MANAGER <span>Vollzeit<br>Chicago<\/span> <\/div><\/span>\n\t\t\t\t\t\t\t\t\t<\/summary>\n\t\t\t\t<div role=\"region\" aria-labelledby=\"carrers1\" class=\"elementor-element elementor-element-cecd127 e-con-full e-flex e-con e-child\" data-id=\"cecd127\" data-element_type=\"container\" data-e-type=\"container\" data-settings=\"{&quot;background_background&quot;:&quot;classic&quot;}\">\n\t\t<div role=\"region\" aria-labelledby=\"carrers1\" class=\"elementor-element elementor-element-49b5734 e-flex e-con-boxed e-con e-child\" data-id=\"49b5734\" data-element_type=\"container\" data-e-type=\"container\">\n\t\t\t\t\t<div class=\"e-con-inner\">\n\t\t\t\t<div class=\"elementor-element elementor-element-dd33f8b elementor-widget__width-initial elementor-widget elementor-widget-text-editor\" data-id=\"dd33f8b\" data-element_type=\"widget\" data-e-type=\"widget\" data-widget_type=\"text-editor.default\">\n\t\t\t\t<div class=\"elementor-widget-container\">\n\t\t\t\t\t\t\t\t\t<p>Dies ist nur eine Test-Stellenanzeige.<\/p>\n\t\t\t\t\t\t\t\t<\/div>\n\t\t\t\t<\/div>\n\t\t\t\t<div class=\"elementor-element elementor-element-c448b39 elementor-widget elementor-widget-heading\" data-id=\"c448b39\" data-element_type=\"widget\" data-e-type=\"widget\" data-widget_type=\"heading.default\">\n\t\t\t\t<div class=\"elementor-widget-container\">\n\t\t\t\t\t<h2 class=\"elementor-heading-title elementor-size-default\">Stellenbeschreibung:<\/h2>\t\t\t\t<\/div>\n\t\t\t\t<\/div>\n\t\t\t\t<div class=\"elementor-element elementor-element-06d5c8e elementor-widget__width-initial elementor-widget elementor-widget-text-editor\" data-id=\"06d5c8e\" data-element_type=\"widget\" data-e-type=\"widget\" data-widget_type=\"text-editor.default\">\n\t\t\t\t<div class=\"elementor-widget-container\">\n\t\t\t\t\t\t\t\t\t<p>Hier geht es zur Stellenbeschreibung.<\/p>\n\t\t\t\t\t\t\t\t<\/div>\n\t\t\t\t<\/div>\n\t\t\t\t<div class=\"elementor-element elementor-element-6484449 elementor-align-right an-primary-btn elementor-mobile-align-center elementor-widget elementor-widget-button\" data-id=\"6484449\" data-element_type=\"widget\" data-e-type=\"widget\" data-widget_type=\"button.default\">\n\t\t\t\t<div class=\"elementor-widget-container\">\n\t\t\t\t\t\t\t\t\t<div class=\"elementor-button-wrapper\">\n\t\t\t\t\t<a class=\"elementor-button elementor-button-link elementor-size-sm\" href=\"#elementor-action%3Aaction%3Dpopup%3Aopen%26settings%3DeyJpZCI6NDExOSwidG9nZ2xlIjpmYWxzZX0%3D\">\n\t\t\t\t\t\t<span class=\"elementor-button-content-wrapper\">\n\t\t\t\t\t\t<span class=\"elementor-button-icon\">\n\t\t\t\t<svg xmlns=\"http:\/\/www.w3.org\/2000\/svg\" width=\"16\" height=\"16\" viewBox=\"0 0 16 16\" fill=\"none\"><g id=\"Father Icons \/ arrow-right\"><path id=\"Vector\" d=\"M3.33325 8H12.6666\" stroke=\"white\" stroke-linecap=\"round\" stroke-linejoin=\"round\"><\/path><path id=\"Vector_2\" d=\"M8 3.33325L12.6667 7.99992L8 12.6666\" stroke=\"white\" stroke-linecap=\"round\" stroke-linejoin=\"round\"><\/path><\/g><\/svg>\t\t\t<\/span>\n\t\t\t\t\t\t\t\t\t<span class=\"elementor-button-text\">Jetzt bewerben<\/span>\n\t\t\t\t\t<\/span>\n\t\t\t\t\t<\/a>\n\t\t\t\t<\/div>\n\t\t\t\t\t\t\t\t<\/div>\n\t\t\t\t<\/div>\n\t\t\t\t\t<\/div>\n\t\t\t\t<\/div>\n\t\t\t\t<\/div>\n\t\t\t\t\t<\/details>\n\t\t\t\t\t<\/div>\n\t\t\t\t\t\t<\/div>\n\t\t\t\t<\/div>\n\t\t\t\t\t<\/div>\n\t\t\t\t<\/div>\n\t\t\t\t<\/div>\n\t\t","protected":false},"excerpt":{"rendered":"<p>Mit GEOSATIS etwas bewirken Wir bei GEOSATIS sind nicht nur ein Technologieunternehmen, sondern eine Gemeinschaft leidenschaftlicher Menschen, die sich daf\u00fcr einsetzen, Grenzen zu \u00fcberwinden und Innovationen voranzutreiben. Unsere Kultur lebt von Zusammenarbeit, Kreativit\u00e4t und kontinuierlichem Lernen. Wir bieten dynamische M\u00f6glichkeiten f\u00fcr talentierte Personen, die einen positiven sozialen Wandel vorantreiben und die Sicherheit der Gemeinschaft durch [&hellip;]<\/p>\n","protected":false},"author":2,"featured_media":0,"parent":0,"menu_order":0,"comment_status":"closed","ping_status":"closed","template":"elementor_header_footer","meta":{"_acf_changed":false,"inline_featured_image":false,"footnotes":""},"class_list":["post-3447","page","type-page","status-publish","hentry"],"acf":[],"yoast_head":"<!-- This site is optimized with the Yoast SEO plugin v27.4 - https:\/\/yoast.com\/product\/yoast-seo-wordpress\/ -->\n<title>GEOSATIS Elektronische \u00dcberwachung - Le Noirmont, Schweiz<\/title>\n<meta name=\"robots\" content=\"index, follow, max-snippet:-1, max-image-preview:large, max-video-preview:-1\" \/>\n<link rel=\"canonical\" href=\"https:\/\/geo-satis.com\/de\/karriere\/\" \/>\n<meta property=\"og:locale\" content=\"de_DE\" \/>\n<meta property=\"og:type\" content=\"article\" \/>\n<meta property=\"og:title\" content=\"GEOSATIS Elektronische \u00dcberwachung - Le Noirmont, Schweiz\" \/>\n<meta property=\"og:description\" content=\"Mit GEOSATIS etwas bewirken Wir bei GEOSATIS sind nicht nur ein Technologieunternehmen, sondern eine Gemeinschaft leidenschaftlicher Menschen, die sich daf\u00fcr einsetzen, Grenzen zu \u00fcberwinden und Innovationen voranzutreiben. Unsere Kultur lebt von Zusammenarbeit, Kreativit\u00e4t und kontinuierlichem Lernen. Wir bieten dynamische M\u00f6glichkeiten f\u00fcr talentierte Personen, die einen positiven sozialen Wandel vorantreiben und die Sicherheit der Gemeinschaft durch [&hellip;]\" \/>\n<meta property=\"og:url\" content=\"https:\/\/geo-satis.com\/de\/karriere\/\" \/>\n<meta property=\"og:site_name\" content=\"GEOSATIS\" \/>\n<meta property=\"article:modified_time\" content=\"2025-04-30T02:19:35+00:00\" \/>\n<meta property=\"og:image\" content=\"https:\/\/geo-satis.com\/wp-content\/uploads\/2025\/01\/Rectangle-17.png\" \/>\n<meta name=\"twitter:card\" content=\"summary_large_image\" \/>\n<meta name=\"twitter:site\" content=\"@geosatis\" \/>\n<meta name=\"twitter:label1\" content=\"Gesch\u00e4tzte Lesezeit\" \/>\n\t<meta name=\"twitter:data1\" content=\"1\u00a0Minute\" \/>\n<script type=\"application\/ld+json\" class=\"yoast-schema-graph\">{\"@context\":\"https:\\\/\\\/schema.org\",\"@graph\":[{\"@type\":\"WebPage\",\"@id\":\"https:\\\/\\\/geo-satis.com\\\/de\\\/karriere\\\/\",\"url\":\"https:\\\/\\\/geo-satis.com\\\/de\\\/karriere\\\/\",\"name\":\"GEOSATIS Elektronische \u00dcberwachung - Le Noirmont, Schweiz\",\"isPartOf\":{\"@id\":\"https:\\\/\\\/geo-satis.com\\\/en\\\/#website\"},\"primaryImageOfPage\":{\"@id\":\"https:\\\/\\\/geo-satis.com\\\/de\\\/karriere\\\/#primaryimage\"},\"image\":{\"@id\":\"https:\\\/\\\/geo-satis.com\\\/de\\\/karriere\\\/#primaryimage\"},\"thumbnailUrl\":\"https:\\\/\\\/geo-satis.com\\\/wp-content\\\/uploads\\\/2025\\\/01\\\/Rectangle-17.png\",\"datePublished\":\"2025-01-22T01:09:59+00:00\",\"dateModified\":\"2025-04-30T02:19:35+00:00\",\"breadcrumb\":{\"@id\":\"https:\\\/\\\/geo-satis.com\\\/de\\\/karriere\\\/#breadcrumb\"},\"inLanguage\":\"de\",\"potentialAction\":[{\"@type\":\"ReadAction\",\"target\":[\"https:\\\/\\\/geo-satis.com\\\/de\\\/karriere\\\/\"]}]},{\"@type\":\"ImageObject\",\"inLanguage\":\"de\",\"@id\":\"https:\\\/\\\/geo-satis.com\\\/de\\\/karriere\\\/#primaryimage\",\"url\":\"https:\\\/\\\/geo-satis.com\\\/wp-content\\\/uploads\\\/2025\\\/01\\\/Rectangle-17.png\",\"contentUrl\":\"https:\\\/\\\/geo-satis.com\\\/wp-content\\\/uploads\\\/2025\\\/01\\\/Rectangle-17.png\"},{\"@type\":\"BreadcrumbList\",\"@id\":\"https:\\\/\\\/geo-satis.com\\\/de\\\/karriere\\\/#breadcrumb\",\"itemListElement\":[{\"@type\":\"ListItem\",\"position\":1,\"name\":\"Home\",\"item\":\"https:\\\/\\\/geo-satis.com\\\/de\\\/\"},{\"@type\":\"ListItem\",\"position\":2,\"name\":\"Karriere\"}]},{\"@type\":\"WebSite\",\"@id\":\"https:\\\/\\\/geo-satis.com\\\/en\\\/#website\",\"url\":\"https:\\\/\\\/geo-satis.com\\\/en\\\/\",\"name\":\"Geosatis\",\"description\":\"GEOSATIS\",\"publisher\":{\"@id\":\"https:\\\/\\\/geo-satis.com\\\/en\\\/#organization\"},\"potentialAction\":[{\"@type\":\"SearchAction\",\"target\":{\"@type\":\"EntryPoint\",\"urlTemplate\":\"https:\\\/\\\/geo-satis.com\\\/en\\\/?s={search_term_string}\"},\"query-input\":{\"@type\":\"PropertyValueSpecification\",\"valueRequired\":true,\"valueName\":\"search_term_string\"}}],\"inLanguage\":\"de\"},{\"@type\":\"Organization\",\"@id\":\"https:\\\/\\\/geo-satis.com\\\/en\\\/#organization\",\"name\":\"Geosatis\",\"url\":\"https:\\\/\\\/geo-satis.com\\\/en\\\/\",\"logo\":{\"@type\":\"ImageObject\",\"inLanguage\":\"de\",\"@id\":\"https:\\\/\\\/geo-satis.com\\\/en\\\/#\\\/schema\\\/logo\\\/image\\\/\",\"url\":\"https:\\\/\\\/geo-satis.com\\\/wp-content\\\/uploads\\\/2025\\\/05\\\/White-logo.png\",\"contentUrl\":\"https:\\\/\\\/geo-satis.com\\\/wp-content\\\/uploads\\\/2025\\\/05\\\/White-logo.png\",\"width\":645,\"height\":121,\"caption\":\"Geosatis\"},\"image\":{\"@id\":\"https:\\\/\\\/geo-satis.com\\\/en\\\/#\\\/schema\\\/logo\\\/image\\\/\"},\"sameAs\":[\"https:\\\/\\\/x.com\\\/geosatis\"]}]}<\/script>\n<!-- \/ Yoast SEO plugin. -->","yoast_head_json":{"title":"GEOSATIS Elektronische \u00dcberwachung - Le Noirmont, Schweiz","robots":{"index":"index","follow":"follow","max-snippet":"max-snippet:-1","max-image-preview":"max-image-preview:large","max-video-preview":"max-video-preview:-1"},"canonical":"https:\/\/geo-satis.com\/de\/karriere\/","og_locale":"de_DE","og_type":"article","og_title":"GEOSATIS Elektronische \u00dcberwachung - Le Noirmont, Schweiz","og_description":"Mit GEOSATIS etwas bewirken Wir bei GEOSATIS sind nicht nur ein Technologieunternehmen, sondern eine Gemeinschaft leidenschaftlicher Menschen, die sich daf\u00fcr einsetzen, Grenzen zu \u00fcberwinden und Innovationen voranzutreiben. Unsere Kultur lebt von Zusammenarbeit, Kreativit\u00e4t und kontinuierlichem Lernen. Wir bieten dynamische M\u00f6glichkeiten f\u00fcr talentierte Personen, die einen positiven sozialen Wandel vorantreiben und die Sicherheit der Gemeinschaft durch [&hellip;]","og_url":"https:\/\/geo-satis.com\/de\/karriere\/","og_site_name":"GEOSATIS","article_modified_time":"2025-04-30T02:19:35+00:00","og_image":[{"url":"https:\/\/geo-satis.com\/wp-content\/uploads\/2025\/01\/Rectangle-17.png","type":"","width":"","height":""}],"twitter_card":"summary_large_image","twitter_site":"@geosatis","twitter_misc":{"Gesch\u00e4tzte Lesezeit":"1\u00a0Minute"},"schema":{"@context":"https:\/\/schema.org","@graph":[{"@type":"WebPage","@id":"https:\/\/geo-satis.com\/de\/karriere\/","url":"https:\/\/geo-satis.com\/de\/karriere\/","name":"GEOSATIS Elektronische \u00dcberwachung - Le Noirmont, Schweiz","isPartOf":{"@id":"https:\/\/geo-satis.com\/en\/#website"},"primaryImageOfPage":{"@id":"https:\/\/geo-satis.com\/de\/karriere\/#primaryimage"},"image":{"@id":"https:\/\/geo-satis.com\/de\/karriere\/#primaryimage"},"thumbnailUrl":"https:\/\/geo-satis.com\/wp-content\/uploads\/2025\/01\/Rectangle-17.png","datePublished":"2025-01-22T01:09:59+00:00","dateModified":"2025-04-30T02:19:35+00:00","breadcrumb":{"@id":"https:\/\/geo-satis.com\/de\/karriere\/#breadcrumb"},"inLanguage":"de","potentialAction":[{"@type":"ReadAction","target":["https:\/\/geo-satis.com\/de\/karriere\/"]}]},{"@type":"ImageObject","inLanguage":"de","@id":"https:\/\/geo-satis.com\/de\/karriere\/#primaryimage","url":"https:\/\/geo-satis.com\/wp-content\/uploads\/2025\/01\/Rectangle-17.png","contentUrl":"https:\/\/geo-satis.com\/wp-content\/uploads\/2025\/01\/Rectangle-17.png"},{"@type":"BreadcrumbList","@id":"https:\/\/geo-satis.com\/de\/karriere\/#breadcrumb","itemListElement":[{"@type":"ListItem","position":1,"name":"Home","item":"https:\/\/geo-satis.com\/de\/"},{"@type":"ListItem","position":2,"name":"Karriere"}]},{"@type":"WebSite","@id":"https:\/\/geo-satis.com\/en\/#website","url":"https:\/\/geo-satis.com\/en\/","name":"Geosatis","description":"GEOSATIS","publisher":{"@id":"https:\/\/geo-satis.com\/en\/#organization"},"potentialAction":[{"@type":"SearchAction","target":{"@type":"EntryPoint","urlTemplate":"https:\/\/geo-satis.com\/en\/?s={search_term_string}"},"query-input":{"@type":"PropertyValueSpecification","valueRequired":true,"valueName":"search_term_string"}}],"inLanguage":"de"},{"@type":"Organization","@id":"https:\/\/geo-satis.com\/en\/#organization","name":"Geosatis","url":"https:\/\/geo-satis.com\/en\/","logo":{"@type":"ImageObject","inLanguage":"de","@id":"https:\/\/geo-satis.com\/en\/#\/schema\/logo\/image\/","url":"https:\/\/geo-satis.com\/wp-content\/uploads\/2025\/05\/White-logo.png","contentUrl":"https:\/\/geo-satis.com\/wp-content\/uploads\/2025\/05\/White-logo.png","width":645,"height":121,"caption":"Geosatis"},"image":{"@id":"https:\/\/geo-satis.com\/en\/#\/schema\/logo\/image\/"},"sameAs":["https:\/\/x.com\/geosatis"]}]}},"_links":{"self":[{"href":"https:\/\/geo-satis.com\/de\/wp-json\/wp\/v2\/pages\/3447","targetHints":{"allow":["GET"]}}],"collection":[{"href":"https:\/\/geo-satis.com\/de\/wp-json\/wp\/v2\/pages"}],"about":[{"href":"https:\/\/geo-satis.com\/de\/wp-json\/wp\/v2\/types\/page"}],"author":[{"embeddable":true,"href":"https:\/\/geo-satis.com\/de\/wp-json\/wp\/v2\/users\/2"}],"replies":[{"embeddable":true,"href":"https:\/\/geo-satis.com\/de\/wp-json\/wp\/v2\/comments?post=3447"}],"version-history":[{"count":0,"href":"https:\/\/geo-satis.com\/de\/wp-json\/wp\/v2\/pages\/3447\/revisions"}],"wp:attachment":[{"href":"https:\/\/geo-satis.com\/de\/wp-json\/wp\/v2\/media?parent=3447"}],"curies":[{"name":"wp","href":"https:\/\/api.w.org\/{rel}","templated":true}]}}